{"id":10034,"date":"2023-11-18T12:58:45","date_gmt":"2023-11-18T09:58:45","guid":{"rendered":"https:\/\/mediumorchid-opossum-581332.hostingersite.com\/?page_id=10034"},"modified":"2024-11-10T12:12:34","modified_gmt":"2024-11-10T09:12:34","slug":"turpak-arac-montaj-ve-servis-bayileri","status":"publish","type":"page","link":"https:\/\/turpak.com.tr\/en\/turpak-arac-montaj-ve-servis-bayileri\/","title":{"rendered":"Gilbarco Ara\u00e7 Montaj ve Servis Bayileri"},"content":{"rendered":"<div class=\"wpb-content-wrapper\"><div class=\"vc_row wpb_row vc_row-fluid\"><div class=\"wpb_column vc_column_container vc_col-sm-12\"><div class=\"vc_column-inner\"><div class=\"wpb_wrapper\">\n\t\t<div id=\"wd-64a939a08ca99\" class=\"title-wrapper wd-wpb wd-set-mb reset-last-child  wd-rs-64a939a08ca99 wd-title-color-default wd-title-style-underlined text-center  wd-underline-colored\">\n\t\t\t\n\t\t\t<div class=\"liner-continer\">\n\t\t\t\t<h4 class=\"woodmart-title-container title  wd-font-weight- wd-fontsize-l\" >Turpak Ara\u00e7 Montaj ve Servis Bayileri<\/h4>\n\t\t\t\t\t\t\t<\/div>\n\t\t\t\n\t\t\t\t\t\t\t<div class=\"title-after_title reset-last-child  wd-fontsize-xs\">Before visiting our authorized services, we kindly ask you to contact us by phone and make an appointment.<\/div>\n\t\t\t\n\t\t\t\n\t\t<\/div>\n\t\t\n\t\t<div class=\"wpb_gmaps_widget wpb_content_element\"><div class=\"wpb_wrapper\"><div class=\"wpb_map_wraper\"><iframe loading=\"lazy\" src=\"https:\/\/www.google.com\/maps\/d\/embed?mid=1DIDukYmOPhqQUrFkq07-FfjVwebKy0Uz&ehbc=2E312F\" width=\"600\" height=\"450\" frameborder=\"0\" style=\"border:0\" allowfullscreen><\/iframe><\/div><\/div><\/div><\/div><\/div><\/div><\/div>\n<\/div>","protected":false},"excerpt":{"rendered":"Turpak Ara\u00e7 Montaj ve Servis Bayileri Yetkili servislerimizi ziyaret etmeden \u00f6nce mutlaka telefon ile ileti\u015fime ge\u00e7ip randevu alman\u0131z\u0131 rica ederiz.","protected":false},"author":1,"featured_media":0,"parent":0,"menu_order":0,"comment_status":"closed","ping_status":"closed","template":"","meta":{"om_disable_all_campaigns":false,"footnotes":""},"class_list":["post-10034","page","type-page","status-publish","hentry"],"aioseo_notices":[],"_hostinger_reach_plugin_has_subscription_block":false,"_hostinger_reach_plugin_is_elementor":false,"_links":{"self":[{"href":"https:\/\/turpak.com.tr\/en\/wp-json\/wp\/v2\/pages\/10034","targetHints":{"allow":["GET"]}}],"collection":[{"href":"https:\/\/turpak.com.tr\/en\/wp-json\/wp\/v2\/pages"}],"about":[{"href":"https:\/\/turpak.com.tr\/en\/wp-json\/wp\/v2\/types\/page"}],"author":[{"embeddable":true,"href":"https:\/\/turpak.com.tr\/en\/wp-json\/wp\/v2\/users\/1"}],"replies":[{"embeddable":true,"href":"https:\/\/turpak.com.tr\/en\/wp-json\/wp\/v2\/comments?post=10034"}],"version-history":[{"count":3,"href":"https:\/\/turpak.com.tr\/en\/wp-json\/wp\/v2\/pages\/10034\/revisions"}],"predecessor-version":[{"id":13254,"href":"https:\/\/turpak.com.tr\/en\/wp-json\/wp\/v2\/pages\/10034\/revisions\/13254"}],"wp:attachment":[{"href":"https:\/\/turpak.com.tr\/en\/wp-json\/wp\/v2\/media?parent=10034"}],"curies":[{"name":"wp","href":"https:\/\/api.w.org\/{rel}","templated":true}]}}