{"id":12369,"date":"2024-01-29T01:05:27","date_gmt":"2024-01-28T22:05:27","guid":{"rendered":"https:\/\/mediumorchid-opossum-581332.hostingersite.com\/?page_id=12369"},"modified":"2024-10-18T09:34:07","modified_gmt":"2024-10-18T06:34:07","slug":"turpak-kariyer-2","status":"publish","type":"page","link":"https:\/\/turpak.com.tr\/en\/turpak-kariyer-2\/","title":{"rendered":"Career at Gilbarco"},"content":{"rendered":"<div class=\"wpb-content-wrapper\"><div data-vc-full-width=\"true\" data-vc-full-width-temp=\"true\" data-vc-full-width-init=\"false\" data-vc-stretch-content=\"true\" class=\"vc_row wpb_row vc_row-fluid vc_custom_1707758746738 vc_row-has-fill vc_row-no-padding wd-rs-65ca54922f32a wd-section-stretch-content-no-pd\"><div class=\"wpb_column vc_column_container vc_col-sm-12\"><div class=\"vc_column-inner\"><div class=\"wpb_wrapper\"><div class=\"vc_row wpb_row vc_inner vc_row-fluid\"><div class=\"wpb_column vc_column_container vc_col-sm-12 wd-rs-65ca54df2d84e\"><div class=\"vc_column-inner vc_custom_1707758839762\"><div class=\"wpb_wrapper\"><div class=\"vc_empty_space\"   style=\"height: 202px\"><span class=\"vc_empty_space_inner\"><\/span><\/div><\/div><\/div><\/div><\/div><\/div><\/div><\/div><\/div><div class=\"vc_row-full-width vc_clearfix\"><\/div><div data-vc-full-width=\"true\" data-vc-full-width-temp=\"true\" data-vc-full-width-init=\"false\" class=\"vc_row wpb_row vc_row-fluid vc_custom_1706796054882 vc_row-has-fill vc_row-o-equal-height vc_row-flex wd-rs-65bba40fecf5d\"><div class=\"wpb_column vc_column_container vc_col-sm-12 vc_col-lg-6 vc_col-md-6 vc_col-has-fill\"><div class=\"vc_column-inner vc_custom_1496932335926\"><div class=\"wpb_wrapper\">\n\t\t<div id=\"wd-65b6d6aaab7a5\" class=\"title-wrapper wd-wpb wd-set-mb reset-last-child  wd-rs-65b6d6aaab7a5 wd-title-color-default wd-title-style-bordered text-left vc_custom_1706481343492 wd-underline-colored\">\n\t\t\t\n\t\t\t<div class=\"liner-continer\">\n\t\t\t\t<h4 class=\"woodmart-title-container title  wd-font-weight- wd-fontsize-xxl\" >Join Us<\/h4>\n\t\t\t\t\t\t\t<\/div>\n\t\t\t\n\t\t\t\n\t\t\t\n\t\t<\/div>\n\t\t\n\t\t\t\t<div id=\"wd-671200ea21c01\" class=\"wd-text-block wd-wpb reset-last-child wd-rs-671200ea21c01 text-left wd-fontsize-m font-primary\">\n\t\t\t<p>T\u00fcm Gilbarco \u00e7al\u0131\u015fanlar\u0131, \u015firket vizyon ve misyon bilincine ve \u00fcretti\u011fimiz \u00fcr\u00fcnlerin kalitesinin, insan ya\u015fam\u0131ndaki \u00f6neminin sorumlulu\u011funa sahip, s\u00fcrekli yenilik pe\u015finde ko\u015fan, de\u011fi\u015fim ve farkl\u0131la\u015fmaya inanan, gen\u00e7 ve dinamik bir ailenin \u00fcyeleridirler. Seni de bu ailede g\u00f6rmek istiyoruz.<\/p>\n\t\t<\/div>\n\t\t\n<div class=\"wpcf7 no-js\" id=\"wpcf7-f1938-o1\" lang=\"en-US\" dir=\"ltr\" data-wpcf7-id=\"1938\">\n<div class=\"screen-reader-response\"><p role=\"status\" aria-live=\"polite\" aria-atomic=\"true\"><\/p> <ul><\/ul><\/div>\n<form action=\"\/en\/wp-json\/wp\/v2\/pages\/12369#wpcf7-f1938-o1\" method=\"post\" class=\"wpcf7-form init\" aria-label=\"Contact form\" enctype=\"multipart\/form-data\" novalidate=\"novalidate\" data-status=\"init\" data-trp-original-action=\"\/en\/wp-json\/wp\/v2\/pages\/12369#wpcf7-f1938-o1\">\n<fieldset class=\"hidden-fields-container\"><input type=\"hidden\" name=\"_wpcf7\" value=\"1938\" \/><input type=\"hidden\" name=\"_wpcf7_version\" value=\"6.1.4\" \/><input type=\"hidden\" name=\"_wpcf7_locale\" value=\"en_US\" \/><input type=\"hidden\" name=\"_wpcf7_unit_tag\" value=\"wpcf7-f1938-o1\" \/><input type=\"hidden\" name=\"_wpcf7_container_post\" value=\"0\" \/><input type=\"hidden\" name=\"_wpcf7_posted_data_hash\" value=\"\" \/><input type=\"hidden\" name=\"_wpcf7_recaptcha_response\" value=\"\" \/>\n<\/fieldset>\n<div class=\"row\">\n\t<p class=\"col-md-12\"><label>Name &amp; Surname<\/label><span class=\"wpcf7-form-control-wrap\" data-name=\"your-name\"><input size=\"40\" maxlength=\"400\" class=\"wpcf7-form-control wpcf7-text wpcf7-validates-as-required\" aria-required=\"true\" aria-invalid=\"false\" value=\"\" type=\"text\" name=\"your-name\" \/><\/span>\n\t<\/p>\n<\/div>\n<div class=\"row\">\n\t<p class=\"col-md-6\"><label>Your Mail Address<\/label><span class=\"wpcf7-form-control-wrap\" data-name=\"your-email\"><input size=\"40\" maxlength=\"400\" class=\"wpcf7-form-control wpcf7-email wpcf7-validates-as-required wpcf7-text wpcf7-validates-as-email\" aria-required=\"true\" aria-invalid=\"false\" value=\"\" type=\"email\" name=\"your-email\" \/><\/span>\n\t<\/p>\n\t<p class=\"col-md-6\"><label>Your Phone Number<\/label><span class=\"wpcf7-form-control-wrap\" data-name=\"tel-767\"><input size=\"40\" maxlength=\"400\" class=\"wpcf7-form-control wpcf7-tel wpcf7-text wpcf7-validates-as-tel\" aria-invalid=\"false\" value=\"\" type=\"tel\" name=\"tel-767\" \/><\/span>\n\t<\/p>\n<\/div>\n<p><label>Introduce Yourself<\/label><span class=\"wpcf7-form-control-wrap\" data-name=\"your-message\"><textarea cols=\"40\" rows=\"10\" maxlength=\"2000\" class=\"wpcf7-form-control wpcf7-textarea\" aria-invalid=\"false\" name=\"your-message\"><\/textarea><\/span>\n<\/p>\n<p><label class=\"formcvcls\"><br \/>\n<img decoding=\"async\" src=\"https:\/\/turpak.com.tr\/wp-content\/uploads\/2024\/01\/pdfikon.png\" alt=\"CV Y\u00fckleyin\" \/><br \/>\n<span class=\"cvyukle\">Upload your CV<\/span><br \/>\n<span class=\"wpcf7-form-control-wrap\" data-name=\"file-947\"><input size=\"40\" class=\"wpcf7-form-control wpcf7-file wpcf7-validates-as-required formcvclsbtn\" id=\"formcvid\" accept=\".pdf\" aria-required=\"true\" aria-invalid=\"false\" type=\"file\" name=\"file-947\" \/><\/span><br \/>\n<\/label>\n<\/p>\n<p><input class=\"wpcf7-form-control wpcf7-submit has-spinner btn-color-black\" type=\"submit\" value=\"Send\" \/>\n<\/p>\n<p><span class=\"wpcf7-form-control-wrap\" data-name=\"acceptance-915\"><span class=\"wpcf7-form-control wpcf7-acceptance\"><span class=\"wpcf7-list-item\"><label><input type=\"checkbox\" name=\"acceptance-915\" value=\"1\" aria-invalid=\"false\" \/><span class=\"wpcf7-list-item-label\">In accordance with the Personal Data Protection Law <a href=\"\/en\/gizlilik-politikasi\/\"> Privacy and Cookies Policy <\/a> accept it.<\/span><\/label><\/span><\/span><\/span>\n<\/p><div class=\"wpcf7-response-output\" aria-hidden=\"true\"><\/div>\n<input type=\"hidden\" name=\"trp-form-language\" value=\"en\"\/><\/form>\n<\/div>\n<\/div><\/div><\/div><div class=\"wpb_column vc_column_container vc_col-sm-12 vc_col-lg-6 vc_col-md-6\"><div class=\"vc_column-inner vc_custom_1496932331302\"><div class=\"wpb_wrapper\">\n\t\t<div id=\"wd-65b6d74ea7616\" class=\"title-wrapper wd-wpb wd-set-mb reset-last-child  wd-rs-65b6d74ea7616 wd-title-color-default wd-title-style-bordered text-left vc_custom_1706481509286 wd-underline-colored\">\n\t\t\t\n\t\t\t<div class=\"liner-continer\">\n\t\t\t\t<h4 class=\"woodmart-title-container title  wd-font-weight- wd-fontsize-l\" >Technology Provider of Leading Companies in the Fuel Industry<\/h4>\n\t\t\t\t\t\t\t<\/div>\n\t\t\t\n\t\t\t\n\t\t\t\n\t\t<\/div>\n\t\t\n\t\t\t\t<div id=\"wd-671200f1be0cd\" class=\"wd-text-block wd-wpb reset-last-child wd-rs-671200f1be0cd text-left wd-fontsize-s font-primary\">\n\t\t\t<p>Gilbarco, \u00e7al\u0131\u015fanlar\u0131n\u0131 \u015firketin en de\u011ferli varl\u0131\u011f\u0131 olarak kabul eder ve insan kaynaklar\u0131n\u0131n en verimli \u015fekilde de\u011ferlendirilmesini planlar.<\/p>\n<p>Gilbarco, ba\u015far\u0131s\u0131n\u0131n temeli olarak kabul etti\u011fi tak\u0131m ruhuyla hareket etme bilincini t\u00fcm personeline kazand\u0131rarak, herkesin \u00e7al\u0131\u015fmak istedi\u011fi ve \u00e7al\u0131\u015fmaktan gurur duydu\u011fu bir \u015firket olmay\u0131 hedeflemektedir.<\/p>\n\t\t<\/div>\n\t\t<div class=\"vc_separator wpb_content_element vc_separator_align_center vc_sep_width_100 vc_sep_pos_align_center vc_separator_no_text vc_sep_color_grey vc_custom_1484254145420\" ><span class=\"vc_sep_holder vc_sep_holder_l\"><span class=\"vc_sep_line\"><\/span><\/span><span class=\"vc_sep_holder vc_sep_holder_r\"><span class=\"vc_sep_line\"><\/span><\/span>\n<\/div>\t\t<div id=\"wd-671200fc60465\" class=\"wd-text-block wd-wpb reset-last-child wd-rs-671200fc60465 text-left wd-fontsize-s vc_custom_1729233155043\">\n\t\t\t<blockquote><p>\n<em><strong>Gilbarco<\/strong>, bug\u00fcn 4.500 m2\u2019lik son teknoloji ile donat\u0131lm\u0131\u015f yeni binas\u0131nda, 250 ki\u015filik kadrosuyla ve 110&#8217;dan fazla Ara\u00e7 ve \u0130stasyon Yetkili Servisiyle sekt\u00f6re otomasyon \u00e7\u00f6z\u00fcm orta\u011f\u0131 olarak liderlik etmektedir.<\/em>\n<\/p><\/blockquote>\n<p style=\"text-align: right;\"><strong><em>Tamer \u015eeng\u00f6n\u00fcl<\/em><\/strong><\/p>\n<p style=\"text-align: right;\"><strong><em>CEO<\/em><\/strong><\/p>\n\t\t<\/div>\n\t\t<div class=\"vc_row wpb_row vc_inner vc_row-fluid vc_row-o-equal-height vc_row-o-content-middle vc_row-flex wd-rs-65b6d95af2a15\"><div class=\"wpb_column vc_column_container vc_col-sm-6\"><div class=\"vc_column-inner\"><div class=\"wpb_wrapper\">\t\t<div id=\"wd-65a7cd1f753cb\" class=\"wd-image wd-wpb wd-rs-65a7cd1f753cb text-left vc_custom_1705495874652\">\n\t\t\t\n\t\t\t<img loading=\"lazy\" decoding=\"async\" width=\"1000\" height=\"1341\" src=\"https:\/\/turpak.com.tr\/wp-content\/uploads\/2024\/01\/turpak-kariyer.png\" class=\"attachment-full size-full\" alt=\"\" srcset=\"https:\/\/turpak.com.tr\/wp-content\/uploads\/2024\/01\/turpak-kariyer.png 1000w, https:\/\/turpak.com.tr\/wp-content\/uploads\/2024\/01\/turpak-kariyer-224x300.png 224w, https:\/\/turpak.com.tr\/wp-content\/uploads\/2024\/01\/turpak-kariyer-597x800.png 597w, https:\/\/turpak.com.tr\/wp-content\/uploads\/2024\/01\/turpak-kariyer-768x1030.png 768w, https:\/\/turpak.com.tr\/wp-content\/uploads\/2024\/01\/turpak-kariyer-860x1153.png 860w, https:\/\/turpak.com.tr\/wp-content\/uploads\/2024\/01\/turpak-kariyer-430x577.png 430w, https:\/\/turpak.com.tr\/wp-content\/uploads\/2024\/01\/turpak-kariyer-700x939.png 700w, https:\/\/turpak.com.tr\/wp-content\/uploads\/2024\/01\/turpak-kariyer-150x201.png 150w\" sizes=\"auto, (max-width: 1000px) 100vw, 1000px\" \/>\n\t\t\t\t\t<\/div>\n\t\t<\/div><\/div><\/div><div class=\"wpb_column vc_column_container vc_col-sm-6 vc_col-has-fill wd-rs-65b6da0eec93e\"><div class=\"vc_column-inner vc_custom_1706482196749\"><div class=\"wpb_wrapper\">\t\t<div id=\"wd-65b6dab108040\" class=\"wd-image wd-wpb wd-rs-65b6dab108040 text-left vc_custom_1706482460457\">\n\t\t\t\n\t\t\t<img loading=\"lazy\" decoding=\"async\" width=\"1000\" height=\"1341\" src=\"https:\/\/turpak.com.tr\/wp-content\/uploads\/2024\/01\/turpakbannerayricallk.png\" class=\"attachment-full size-full\" alt=\"\" srcset=\"https:\/\/turpak.com.tr\/wp-content\/uploads\/2024\/01\/turpakbannerayricallk.png 1000w, https:\/\/turpak.com.tr\/wp-content\/uploads\/2024\/01\/turpakbannerayricallk-224x300.png 224w, https:\/\/turpak.com.tr\/wp-content\/uploads\/2024\/01\/turpakbannerayricallk-597x800.png 597w, https:\/\/turpak.com.tr\/wp-content\/uploads\/2024\/01\/turpakbannerayricallk-768x1030.png 768w, https:\/\/turpak.com.tr\/wp-content\/uploads\/2024\/01\/turpakbannerayricallk-860x1153.png 860w, https:\/\/turpak.com.tr\/wp-content\/uploads\/2024\/01\/turpakbannerayricallk-430x577.png 430w, https:\/\/turpak.com.tr\/wp-content\/uploads\/2024\/01\/turpakbannerayricallk-700x939.png 700w, https:\/\/turpak.com.tr\/wp-content\/uploads\/2024\/01\/turpakbannerayricallk-150x201.png 150w\" sizes=\"auto, (max-width: 1000px) 100vw, 1000px\" \/>\n\t\t\t\t\t<\/div>\n\t\t<\/div><\/div><\/div><\/div><\/div><\/div><\/div><\/div><div class=\"vc_row-full-width vc_clearfix\"><\/div>\n<\/div>","protected":false},"excerpt":{"rendered":"Bize Kat\u0131l\u0131n T\u00fcm Gilbarco \u00e7al\u0131\u015fanlar\u0131, \u015firket vizyon ve misyon bilincine ve \u00fcretti\u011fimiz \u00fcr\u00fcnlerin kalitesinin, insan ya\u015fam\u0131ndaki \u00f6neminin sorumlulu\u011funa sahip, s\u00fcrekli","protected":false},"author":1,"featured_media":0,"parent":0,"menu_order":0,"comment_status":"closed","ping_status":"closed","template":"","meta":{"om_disable_all_campaigns":false,"footnotes":""},"class_list":["post-12369","page","type-page","status-publish","hentry"],"aioseo_notices":[],"_hostinger_reach_plugin_has_subscription_block":false,"_hostinger_reach_plugin_is_elementor":false,"_links":{"self":[{"href":"https:\/\/turpak.com.tr\/en\/wp-json\/wp\/v2\/pages\/12369","targetHints":{"allow":["GET"]}}],"collection":[{"href":"https:\/\/turpak.com.tr\/en\/wp-json\/wp\/v2\/pages"}],"about":[{"href":"https:\/\/turpak.com.tr\/en\/wp-json\/wp\/v2\/types\/page"}],"author":[{"embeddable":true,"href":"https:\/\/turpak.com.tr\/en\/wp-json\/wp\/v2\/users\/1"}],"replies":[{"embeddable":true,"href":"https:\/\/turpak.com.tr\/en\/wp-json\/wp\/v2\/comments?post=12369"}],"version-history":[{"count":63,"href":"https:\/\/turpak.com.tr\/en\/wp-json\/wp\/v2\/pages\/12369\/revisions"}],"predecessor-version":[{"id":13259,"href":"https:\/\/turpak.com.tr\/en\/wp-json\/wp\/v2\/pages\/12369\/revisions\/13259"}],"wp:attachment":[{"href":"https:\/\/turpak.com.tr\/en\/wp-json\/wp\/v2\/media?parent=12369"}],"curies":[{"name":"wp","href":"https:\/\/api.w.org\/{rel}","templated":true}]}}