{"id":12924,"date":"2024-06-08T10:33:16","date_gmt":"2024-06-08T07:33:16","guid":{"rendered":"https:\/\/mediumorchid-opossum-581332.hostingersite.com\/?page_id=12924"},"modified":"2024-07-03T11:18:21","modified_gmt":"2024-07-03T08:18:21","slug":"dispenser-iletisim","status":"publish","type":"page","link":"https:\/\/turpak.com.tr\/en\/dispenser-iletisim\/","title":{"rendered":"Dispenser \u0130leti\u015fim"},"content":{"rendered":"<div class=\"wpb-content-wrapper\"><section data-vc-full-width=\"true\" data-vc-full-width-temp=\"true\" data-vc-full-width-init=\"false\" class=\"vc_section vc_custom_1707517500418 vc_section-has-fill wd-disable-overflow wd-rs-65c6a61688f1d\"><div class=\"vc_row wpb_row vc_row-fluid vc_custom_1707510826905 vc_row-has-fill wd-disable-overflow wd-rs-65c68c243024f\"><div class=\"wpb_column vc_column_container vc_col-sm-10 vc_col-md-6 vc_col-xs-12\"><div class=\"vc_column-inner vc_custom_1496758872813\"><div class=\"wpb_wrapper\">\n\t\t<div id=\"wd-65c68b2171f88\" class=\"title-wrapper wd-wpb wd-set-mb reset-last-child  wd-rs-65c68b2171f88 wd-title-color-default wd-title-style-default text-left vc_custom_1707510571030 wd-underline-colored\">\n\t\t\t\n\t\t\t<div class=\"liner-continer\">\n\t\t\t\t<h4 class=\"woodmart-title-container title  wd-font-weight- wd-fontsize-l\" >Contact us<\/h4>\n\t\t\t\t\t\t\t<\/div>\n\t\t\t\n\t\t\t\n\t\t\t\n\t\t<\/div>\n\t\t\n\t\t\t\t<div id=\"wd-65c6a6e847549\" class=\"wd-text-block wd-wpb reset-last-child wd-rs-65c6a6e847549 text-left wd-width-enabled color-scheme-light color-title wd-fontsize-custom vc_custom_1707517697840\" style=\"--wd-max-width: 80%;\">\n\t\t\t<p>As Turpak, we are here for cooperation as a company that stands out with our services for fuel stations and offers customer-oriented solutions. Get in touch with us!<\/p>\n\t\t<\/div>\n\t\t<\/div><\/div><\/div><\/div><div data-vc-full-width=\"true\" data-vc-full-width-temp=\"true\" data-vc-full-width-init=\"false\" data-vc-stretch-content=\"true\" class=\"vc_row wpb_row vc_row-fluid vc_custom_1707516175597 vc_row-has-fill vc_row-no-padding wd-disable-overflow wd-rs-65c6a1059107e\"><div class=\"wpb_column vc_column_container vc_col-sm-12 wd-rs-65c6a214c70c5\"><div class=\"vc_column-inner vc_custom_1707516459396\"><div class=\"wpb_wrapper\">\t\t\t<div id=\"wd-65c6a207877a4\" class=\"wd-row-divider wd-65c6a207877a4 dvr-position-bottom dvr-style-diagonal-left dvr-overlap-enable\">\n\t\t\t\t<svg xmlns=\"http:\/\/www.w3.org\/2000\/svg\" version=\"1.1\" width=\"100%\" height=\"50px\" viewbox=\"0 0 100 100\" preserveaspectratio=\"none\">\n  <polygon points=\"100,100 0,0 0,100 \"\/>\n<\/svg>\t\t\t\t\t\t\t<\/div>\n\t\t<\/div><\/div><\/div><\/div><div class=\"vc_row-full-width vc_clearfix\"><\/div><\/section><div class=\"vc_row-full-width vc_clearfix\"><\/div><div class=\"vc_row wpb_row vc_row-fluid vc_custom_1707516195299 vc_row-o-equal-height vc_row-o-content-top vc_row-flex wd-rs-65c6a11badcda\"><div class=\"wpb_column vc_column_container vc_col-sm-6\"><div class=\"vc_column-inner\"><div class=\"wpb_wrapper\"><div class=\"vc_row wpb_row vc_inner vc_row-fluid vc_row-o-equal-height vc_row-o-content-middle vc_row-flex wd-rs-666bfbf381c16\"><div class=\"wpb_column vc_column_container vc_col-sm-12 vc_col-lg-12 vc_col-md-12 wd-rs-65c69e3fa3148\"><div class=\"vc_column-inner vc_custom_1707515460624\"><div class=\"wpb_wrapper\">\t\t\t<div class=\"info-box-wrapper\">\n\t\t\t\t<div id=\"wd-65c7428252c46\" class=\"wd-rs-65c7428252c46 wd-info-box wd-wpb text-center box-icon-align-top box-style-shadow color-scheme-dark wd-bg-none vc_custom_1707557524141\">\n\t\t\t\t\t\t\t\t\t\t\t<div class=\"box-icon-wrapper  box-with-icon box-icon-simple\">\n\t\t\t\t\t\t\t<div class=\"info-box-icon\">\n\t\t\t\t\t\t\t\t<img loading=\"lazy\" decoding=\"async\" width=\"54\" height=\"60\" src=\"https:\/\/turpak.com.tr\/wp-content\/uploads\/2024\/02\/Yol-Tarifi-Al.png\" class=\"attachment-60x60 size-60x60\" alt=\"\" \/>\t\t\t\t\t\t\t<\/div>\n\t\t\t\t\t\t<\/div>\n\t\t\t\t\t\t\t\t\t\t<div class=\"info-box-content\">\n\t\t\t\t\t\t<h4 class=\"info-box-title title box-title-style-default wd-fontsize-m\">Address<\/h4>\t\t\t\t\t\t<div class=\"info-box-inner reset-last-child\"><p>Merkez District Erseven Street No:8\/1\/4, Ka\u011f\u0131thane 34406<\/p>\n<p>Istanbul\/Turkey<\/p>\n<\/div>\n\n\t\t\t\t\t\t\t\t\t\t\t<\/div>\n\n\t\t\t\t\t\t\t\t\t\t\t<a class=\"wd-info-box-link wd-fill\" aria-label=\"Infobox link\" href=\"https:\/\/goo.gl\/maps\/G9mAu24AWadpEZex9\" title=\"Navigasyon\"><\/a>\n\t\t\t\t\t\n\t\t\t\t\t\t\t\t\t<\/div>\n\t\t\t<\/div>\n\t\t<\/div><\/div><\/div><div class=\"wpb_column vc_column_container vc_col-sm-6 vc_col-lg-6 vc_col-md-6 wd-rs-65c69e4ba0ba4\"><div class=\"vc_column-inner vc_custom_1707515481568\"><div class=\"wpb_wrapper\">\t\t\t<div class=\"info-box-wrapper\">\n\t\t\t\t<div id=\"wd-6685092da6e6e\" class=\"wd-rs-6685092da6e6e wd-info-box wd-wpb text-center box-icon-align-top box-style-shadow color-scheme-dark wd-bg-none vc_custom_1719994700743\">\n\t\t\t\t\t\t\t\t\t\t\t<div class=\"box-icon-wrapper  box-with-icon box-icon-simple\">\n\t\t\t\t\t\t\t<div class=\"info-box-icon\">\n\t\t\t\t\t\t\t\t<img loading=\"lazy\" decoding=\"async\" width=\"54\" height=\"60\" src=\"https:\/\/turpak.com.tr\/wp-content\/uploads\/2024\/02\/Bizi-Arayin.png\" class=\"attachment-60x60 size-60x60\" alt=\"\" \/>\t\t\t\t\t\t\t<\/div>\n\t\t\t\t\t\t<\/div>\n\t\t\t\t\t\t\t\t\t\t<div class=\"info-box-content\">\n\t\t\t\t\t\t<h4 class=\"info-box-title title box-title-style-default wd-fontsize-m\">Phone<\/h4>\t\t\t\t\t\t<div class=\"info-box-inner reset-last-child\"><p><a href=\"tel:+902123154100\">+90 (212) 315 4100<\/a><\/p>\n<p><a href=\"tel:+905497489917\">+90 (549) 748 9917<\/a><\/p>\n<\/div>\n\n\t\t\t\t\t\t\t\t\t\t\t<\/div>\n\n\t\t\t\t\t\n\t\t\t\t\t\t\t\t\t<\/div>\n\t\t\t<\/div>\n\t\t<\/div><\/div><\/div><div class=\"wpb_column vc_column_container vc_col-sm-6 vc_col-lg-6 vc_col-md-6 wd-rs-65c69e636a350\"><div class=\"vc_column-inner vc_custom_1707515497977\"><div class=\"wpb_wrapper\">\t\t\t<div class=\"info-box-wrapper\">\n\t\t\t\t<div id=\"wd-666bfca8b7926\" class=\"wd-rs-666bfca8b7926 wd-info-box wd-wpb text-center box-icon-align-top box-style-shadow color-scheme-dark wd-bg-none vc_custom_1718353083616\">\n\t\t\t\t\t\t\t\t\t\t\t<div class=\"box-icon-wrapper  box-with-icon box-icon-simple\">\n\t\t\t\t\t\t\t<div class=\"info-box-icon\">\n\t\t\t\t\t\t\t\t<img loading=\"lazy\" decoding=\"async\" width=\"54\" height=\"60\" src=\"https:\/\/turpak.com.tr\/wp-content\/uploads\/2024\/02\/Bize-Yazin.png\" class=\"attachment-60x60 size-60x60\" alt=\"\" \/>\t\t\t\t\t\t\t<\/div>\n\t\t\t\t\t\t<\/div>\n\t\t\t\t\t\t\t\t\t\t<div class=\"info-box-content\">\n\t\t\t\t\t\t<h4 class=\"info-box-title title box-title-style-default wd-fontsize-m\">Email<\/h4>\t\t\t\t\t\t<div class=\"info-box-inner reset-last-child\"><p>gilbarcopompa@turpak.com.tr<\/p>\n<\/div>\n\n\t\t\t\t\t\t\t\t\t\t\t<\/div>\n\n\t\t\t\t\t\t\t\t\t\t\t<a class=\"wd-info-box-link wd-fill\" aria-label=\"Infobox link\" href=\"mailto:%20gilbarcopompa@turpak.com.tr\" title=\"Bize Yaz\u0131n\"><\/a>\n\t\t\t\t\t\n\t\t\t\t\t\t\t\t\t<\/div>\n\t\t\t<\/div>\n\t\t<\/div><\/div><\/div><\/div><\/div><\/div><\/div><div class=\"wpb_column vc_column_container vc_col-sm-6\"><div class=\"vc_column-inner\"><div class=\"wpb_wrapper\">\n\t<div class=\"wpb_raw_code wpb_raw_html wpb_content_element\" >\n\t\t<div class=\"wpb_wrapper\">\n\t\t\t<iframe src=\"https:\/\/www.google.com\/maps\/embed?pb=!1m14!1m8!1m3!1d894.0659580995906!2d28.9766892387452!3d41.085003013665414!3m2!1i1024!2i768!4f13.1!3m3!1m2!1s0x14cab6e115becf85%3A0xf1b77a0989448466!2sTURPAK%20Elektromanyetik%20Yak%C4%B1t%20%C4%B0kmal%20Sistemleri%20Tic.%20A.%C5%9E.!5e0!3m2!1str!2sus!4v1702393493502!5m2!1str!2sus\" width=\"100%\" height=\"400\" style=\"border:0;\" allowfullscreen=\"\" loading=\"lazy\" referrerpolicy=\"no-referrer-when-downgrade\"><\/iframe>\n\t\t<\/div>\n\t<\/div>\n<\/div><\/div><\/div><\/div><div data-vc-full-width=\"true\" data-vc-full-width-temp=\"true\" data-vc-full-width-init=\"false\" class=\"vc_row wpb_row vc_row-fluid vc_custom_1707516797016 vc_row-has-fill wd-rs-65c6a368e1c66\"><div class=\"wpb_column vc_column_container vc_col-sm-12 wd-rs-65c747349884a\"><div class=\"vc_column-inner vc_custom_1707558722061\"><div class=\"wpb_wrapper\">\n\t\t<div id=\"wd-64a8ad23bff7e\" class=\"title-wrapper wd-wpb wd-set-mb reset-last-child  wd-rs-64a8ad23bff7e wd-title-color-default wd-title-style-default text-left  wd-underline-colored\">\n\t\t\t\t\t\t\t\n\t\t\t\t<div class=\"title-subtitle  subtitle-color-default font-default subtitle-style-default wd-font-weight-700 wd-fontsize-xs\">CONTACT FORM<\/div>\n\t\t\t\n\t\t\t<div class=\"liner-continer\">\n\t\t\t\t<h4 class=\"woodmart-title-container title  wd-font-weight- wd-fontsize-l\" >Contact us for more information about our company and our products.<\/h4>\n\t\t\t\t\t\t\t<\/div>\n\t\t\t\n\t\t\t\n\t\t\t\n\t\t<\/div>\n\t\t\n\t\t\n<div class=\"wpcf7 no-js\" id=\"wpcf7-f12926-o1\" lang=\"en-US\" dir=\"ltr\" data-wpcf7-id=\"12926\">\n<div class=\"screen-reader-response\"><p role=\"status\" aria-live=\"polite\" aria-atomic=\"true\"><\/p> <ul><\/ul><\/div>\n<form action=\"\/en\/wp-json\/wp\/v2\/pages\/12924#wpcf7-f12926-o1\" method=\"post\" class=\"wpcf7-form init\" aria-label=\"Contact form\" novalidate=\"novalidate\" data-status=\"init\" data-trp-original-action=\"\/en\/wp-json\/wp\/v2\/pages\/12924#wpcf7-f12926-o1\">\n<fieldset class=\"hidden-fields-container\"><input type=\"hidden\" name=\"_wpcf7\" value=\"12926\" \/><input type=\"hidden\" name=\"_wpcf7_version\" value=\"6.1.4\" \/><input type=\"hidden\" name=\"_wpcf7_locale\" value=\"en_US\" \/><input type=\"hidden\" name=\"_wpcf7_unit_tag\" value=\"wpcf7-f12926-o1\" \/><input type=\"hidden\" name=\"_wpcf7_container_post\" value=\"0\" \/><input type=\"hidden\" name=\"_wpcf7_posted_data_hash\" value=\"\" \/><input type=\"hidden\" name=\"_wpcf7_recaptcha_response\" value=\"\" \/>\n<\/fieldset>\n<div class=\"row form-reverse\">\n\t<div class=\"col-md-6 col-sm-6\">\n\t\t<p><span class=\"wpcf7-form-control-wrap\" data-name=\"your-name\"><input size=\"40\" maxlength=\"400\" class=\"wpcf7-form-control wpcf7-text wpcf7-validates-as-required\" aria-required=\"true\" aria-invalid=\"false\" placeholder=\"Name Surname\" value=\"\" type=\"text\" name=\"your-name\" \/><\/span>\n\t\t<\/p>\n\t<\/div>\n\t<div class=\"col-md-6 col-sm-6\">\n\t\t<p><span class=\"wpcf7-form-control-wrap\" data-name=\"your-email\"><input size=\"40\" maxlength=\"400\" class=\"wpcf7-form-control wpcf7-email wpcf7-validates-as-required wpcf7-text wpcf7-validates-as-email\" aria-required=\"true\" aria-invalid=\"false\" placeholder=\"E Mail\" value=\"\" type=\"email\" name=\"your-email\" \/><\/span>\n\t\t<\/p>\n\t<\/div>\n<\/div>\n<div class=\"row form-reverse\">\n\t<div class=\"col-md-6 col-sm-6\">\n\t\t<p><span class=\"wpcf7-form-control-wrap\" data-name=\"your-tel\"><input size=\"40\" maxlength=\"400\" class=\"wpcf7-form-control wpcf7-tel wpcf7-validates-as-required wpcf7-text wpcf7-validates-as-tel\" aria-required=\"true\" aria-invalid=\"false\" placeholder=\"Your Phone Number\" value=\"\" type=\"tel\" name=\"your-tel\" \/><\/span>\n\t\t<\/p>\n\t<\/div>\n\t<div class=\"col-md-6 col-sm-6\">\n\t\t<p><span class=\"wpcf7-form-control-wrap\" data-name=\"konu\"><select class=\"wpcf7-form-control wpcf7-select wpcf7-validates-as-required\" aria-required=\"true\" aria-invalid=\"false\" name=\"konu\"><option value=\"\">Choose Product<\/option><option value=\"Dispenser\/Pompa\">Dispenser\/Pompa<\/option><option value=\"Red Jacket\/Dalg\u0131\u00e7\">Red Jacket\/Dalg\u0131\u00e7<\/option><option value=\"Yazar Kasa\">Cash Register<\/option><option value=\"Tank Kontrol Cihaz\u0131\">Tank Control Device<\/option><option value=\"Paytech\">Paytech<\/option><\/select><\/span>\n\t\t<\/p>\n\t<\/div>\n<\/div>\n<div class=\"form-reverse stm_mgb_60\">\n\t<p><span class=\"wpcf7-form-control-wrap\" data-name=\"your-message\"><textarea cols=\"40\" rows=\"10\" maxlength=\"2000\" class=\"wpcf7-form-control wpcf7-textarea wpcf7-validates-as-required\" aria-required=\"true\" aria-invalid=\"false\" placeholder=\"Your message\" name=\"your-message\"><\/textarea><\/span>\n\t<\/p>\n<\/div>\n<p><span class=\"wpcf7-form-control-wrap\" data-name=\"acceptance-915\"><span class=\"wpcf7-form-control wpcf7-acceptance\"><span class=\"wpcf7-list-item\"><label><input type=\"checkbox\" name=\"acceptance-915\" value=\"1\" aria-invalid=\"false\" \/><span class=\"wpcf7-list-item-label\">In accordance with the Personal Data Protection Law <a href=\"\/en\/gizlilik-politikasi\/\"> Privacy and Cookies Policy <\/a> accept it.<\/span><\/label><\/span><\/span><\/span>\n<\/p>\n<p><span id=\"wpcf7-69f76ae5efa5b-wrapper\" class=\"wpcf7-form-control-wrap website-wrap\" ><input type=\"hidden\" name=\"website-time-start\" value=\"1777822437\"><input type=\"hidden\" name=\"website-time-check\" value=\"4\"><input id=\"wpcf7-69f76ae5efa5b-field\"  class=\"wpcf7-form-control wpcf7-text\" type=\"text\" name=\"website\" value=\"\" size=\"40\" tabindex=\"-1\" autocomplete=\"new-password\" \/><\/span>\n<\/p>\n<div class=\"text-center\">\n\t<p><input class=\"wpcf7-form-control wpcf7-submit has-spinner btn btn_primary btn_outline btn_lg wtc\" type=\"submit\" value=\"Send\" \/>\n\t<\/p>\n<\/div><div class=\"wpcf7-response-output\" aria-hidden=\"true\"><\/div>\n<input type=\"hidden\" name=\"trp-form-language\" value=\"en\"\/><\/form>\n<\/div>\n\n\t\t<div id=\"wd-64a8a94b982dd\" class=\"title-wrapper wd-wpb wd-set-mb reset-last-child  wd-rs-64a8a94b982dd wd-title-color-default wd-title-style-default text-left vc_custom_1688774998137 wd-underline-colored\">\n\t\t\t\n\t\t\t<div class=\"liner-continer\">\n\t\t\t\t<h4 class=\"woodmart-title-container title  wd-font-weight- wd-fontsize-l\" >Turpak Support<\/h4>\n\t\t\t\t\t\t\t<\/div>\n\t\t\t\n\t\t\t\n\t\t\t\n\t\t<\/div>\n\t\t\n\t\t<div class=\"vc_row wpb_row vc_inner vc_row-fluid\"><div class=\"wpb_column vc_column_container vc_col-sm-4\"><div class=\"vc_column-inner\"><div class=\"wpb_wrapper\">\t\t\t<div class=\"info-box-wrapper\">\n\t\t\t\t<div id=\"wd-64a8a40896a19\" class=\"wd-rs-64a8a40896a19 wd-info-box wd-wpb text-left box-icon-align-top box-style- color-scheme- wd-bg-none vc_custom_1688773682319\">\n\t\t\t\t\t\t\t\t\t\t<div class=\"info-box-content\">\n\t\t\t\t\t\t<h4 class=\"info-box-title title wd-font-weight-600 box-title-style-default font-text wd-fontsize-s\">STATION SUPPORT AND SOLUTION CENTER<\/h4>\t\t\t\t\t\t<div class=\"info-box-inner reset-last-child\"><\/div>\n\n\t\t\t\t\t\t\t\t\t\t\t<\/div>\n\n\t\t\t\t\t\n\t\t\t\t\t\t\t\t\t<\/div>\n\t\t\t<\/div>\n\t\t\t\t<div id=\"wd-64a8a7d46f915\" class=\"wd-text-block wd-wpb reset-last-child wd-rs-64a8a7d46f915 text-left\">\n\t\t\t<p><span style=\"color: #333333;\"><strong>Email:<\/strong><\/span> <a class=\"stm-effects_opacity\" href=\"mailto:turpakinfo@turpak.com.tr\">turpakinfo@turpak.com.tr<\/a><br \/>\n<span style=\"color: #333333;\"><strong>Phone:<\/strong><\/span> <a href=\"tel:+90 (850) 600 0877\">+90 850 600 0877<\/a><\/p>\n\t\t<\/div>\n\t\t<\/div><\/div><\/div><div class=\"wpb_column vc_column_container vc_col-sm-4\"><div class=\"vc_column-inner\"><div class=\"wpb_wrapper\">\t\t\t<div class=\"info-box-wrapper\">\n\t\t\t\t<div id=\"wd-64a8a79aec232\" class=\"wd-rs-64a8a79aec232 wd-info-box wd-wpb text-left box-icon-align-top box-style- color-scheme- wd-bg-none vc_custom_1688774565540\">\n\t\t\t\t\t\t\t\t\t\t<div class=\"info-box-content\">\n\t\t\t\t\t\t<h4 class=\"info-box-title title wd-font-weight-600 box-title-style-default font-text wd-fontsize-s\">TURPAK CUSTOMER COMPLAINT LINE<\/h4>\t\t\t\t\t\t<div class=\"info-box-inner reset-last-child\"><\/div>\n\n\t\t\t\t\t\t\t\t\t\t\t<\/div>\n\n\t\t\t\t\t\n\t\t\t\t\t\t\t\t\t<\/div>\n\t\t\t<\/div>\n\t\t\t\t<div id=\"wd-64a8a7e10317c\" class=\"wd-text-block wd-wpb reset-last-child wd-rs-64a8a7e10317c text-left\">\n\t\t\t<p><span style=\"color: #333333;\"><strong>Email:<\/strong><\/span> <a class=\"stm-effects_opacity\" href=\"mailto:turpakinfo@turpak.com.tr\">turpakinfo@turpak.com.tr<\/a><br \/>\n<span style=\"color: #333333;\"><strong>Phone:<\/strong><\/span> <a href=\"tel:+90 (212) 315 4193\">+90 212 315 4193<\/a><\/p>\n\t\t<\/div>\n\t\t<\/div><\/div><\/div><div class=\"wpb_column vc_column_container vc_col-sm-4\"><div class=\"vc_column-inner\"><div class=\"wpb_wrapper\">\t\t\t<div class=\"info-box-wrapper\">\n\t\t\t\t<div id=\"wd-64a8a4fc48ca6\" class=\"wd-rs-64a8a4fc48ca6 wd-info-box wd-wpb text-left box-icon-align-top box-style- color-scheme- wd-bg-none vc_custom_1688773896047\">\n\t\t\t\t\t\t\t\t\t\t<div class=\"info-box-content\">\n\t\t\t\t\t\t<h4 class=\"info-box-title title wd-font-weight-600 box-title-style-default font-text wd-fontsize-s\">TURPAK CUSTOMER COMPLAINT LINE<\/h4>\t\t\t\t\t\t<div class=\"info-box-inner reset-last-child\"><\/div>\n\n\t\t\t\t\t\t\t\t\t\t\t<\/div>\n\n\t\t\t\t\t\n\t\t\t\t\t\t\t\t\t<\/div>\n\t\t\t<\/div>\n\t\t\t\t<div id=\"wd-64a8a7e876ab6\" class=\"wd-text-block wd-wpb reset-last-child wd-rs-64a8a7e876ab6 text-left\">\n\t\t\t<p><span style=\"color: #333333;\"><strong>Email:<\/strong><\/span> <a class=\"stm-effects_opacity\" href=\"mailto:turpakinfo@turpak.com.tr\">turpakinfo@turpak.com.tr<\/a><br \/>\n<span style=\"color: #333333;\"><strong>Phone:<\/strong><\/span> <a href=\"tel:+90 (212) 315 4136\">+90 212 315 4136<\/a><\/p>\n\t\t<\/div>\n\t\t<\/div><\/div><\/div><\/div>\t\t<div id=\"wd-64a8a58949005\" class=\"wd-text-block wd-wpb reset-last-child wd-rs-64a8a58949005 text-left vc_custom_1688774034265\">\n\t\t\t<div class=\"wpb_text_column wpb_content_element\">\n<div class=\"wpb_wrapper\">\n<p>Before visiting our authorized services, we kindly ask you to contact us by phone and make an appointment.<\/p>\n<\/div>\n<\/div>\n\t\t<\/div>\n\t\t<div id=\"wd-64a8a80e93fa8\" class=\"wd-rs-64a8a80e93fa8   wd-rs-64a8a80e93fa8 wd-button-wrapper text-left\"><a href=\"#contact-form-popup\" title=\"\" class=\"btn btn-color-primary btn-style-3d btn-shape-semi-round btn-size-default wd-open-popup\">Vehicle Assembly Dealers<\/a><\/div><div id=\"contact-form-popup\" class=\"mfp-hide wd-popup wd-popup-element wd-scroll-content\" style=\"--wd-popup-width:1040px;\"><div class=\"wpb-content-wrapper\"><div class=\"vc_row wpb_row vc_row-fluid\"><div class=\"wpb_column vc_column_container vc_col-sm-12\"><div class=\"vc_column-inner\"><div class=\"wpb_wrapper\">\n\t<div class=\"wpb_text_column wpb_content_element\" >\n\t\t<div class=\"wpb_wrapper\">\n\t\t\t<div class=\"wpb_text_column wpb_content_element\">\n<div class=\"wpb_wrapper\">\n<p><strong>Before visiting our authorized services, we kindly ask you to contact us by phone and make an appointment.<\/strong><\/p>\n<\/div>\n<\/div>\n\n\t\t<\/div>\n\t<\/div>\n\n\t<div class=\"wpb_text_column wpb_content_element\" >\n\t\t<div class=\"wpb_wrapper\">\n\t\t\t<p><iframe loading=\"lazy\" src=\"https:\/\/www.google.com\/maps\/d\/embed?mid=1DIDukYmOPhqQUrFkq07-FfjVwebKy0Uz&amp;ehbc=2E312F\" width=\"1300\" height=\"480\"><\/iframe><\/p>\n\n\t\t<\/div>\n\t<\/div>\n<\/div><\/div><\/div><\/div><\/div><\/div><\/div><\/div><\/div><\/div><div class=\"vc_row-full-width vc_clearfix\"><\/div>\n<\/div>","protected":false},"excerpt":{"rendered":"Bize Ula\u015f\u0131n Turpak olarak, akaryak\u0131t istasyonlar\u0131na y\u00f6nelik hizmetlerimizle \u00f6ne \u00e7\u0131kan ve m\u00fc\u015fteri odakl\u0131 \u00e7\u00f6z\u00fcmler sunan bir firma olarak, i\u015fbirli\u011fi i\u00e7in","protected":false},"author":1,"featured_media":0,"parent":0,"menu_order":0,"comment_status":"closed","ping_status":"closed","template":"","meta":{"om_disable_all_campaigns":false,"footnotes":""},"class_list":["post-12924","page","type-page","status-publish","hentry"],"aioseo_notices":[],"_hostinger_reach_plugin_has_subscription_block":false,"_hostinger_reach_plugin_is_elementor":false,"_links":{"self":[{"href":"https:\/\/turpak.com.tr\/en\/wp-json\/wp\/v2\/pages\/12924","targetHints":{"allow":["GET"]}}],"collection":[{"href":"https:\/\/turpak.com.tr\/en\/wp-json\/wp\/v2\/pages"}],"about":[{"href":"https:\/\/turpak.com.tr\/en\/wp-json\/wp\/v2\/types\/page"}],"author":[{"embeddable":true,"href":"https:\/\/turpak.com.tr\/en\/wp-json\/wp\/v2\/users\/1"}],"replies":[{"embeddable":true,"href":"https:\/\/turpak.com.tr\/en\/wp-json\/wp\/v2\/comments?post=12924"}],"version-history":[{"count":10,"href":"https:\/\/turpak.com.tr\/en\/wp-json\/wp\/v2\/pages\/12924\/revisions"}],"predecessor-version":[{"id":13004,"href":"https:\/\/turpak.com.tr\/en\/wp-json\/wp\/v2\/pages\/12924\/revisions\/13004"}],"wp:attachment":[{"href":"https:\/\/turpak.com.tr\/en\/wp-json\/wp\/v2\/media?parent=12924"}],"curies":[{"name":"wp","href":"https:\/\/api.w.org\/{rel}","templated":true}]}}