{"id":13380,"date":"2025-05-08T16:26:20","date_gmt":"2025-05-08T13:26:20","guid":{"rendered":"https:\/\/mediumorchid-opossum-581332.hostingersite.com\/?page_id=13380"},"modified":"2025-05-08T16:26:55","modified_gmt":"2025-05-08T13:26:55","slug":"kvkk","status":"publish","type":"page","link":"https:\/\/turpak.com.tr\/en\/kvkk\/","title":{"rendered":"KVKK"},"content":{"rendered":"<div class=\"wpb-content-wrapper\"><div class=\"vc_row wpb_row vc_row-fluid\"><div class=\"wpb_column vc_column_container vc_col-sm-12\"><div class=\"vc_column-inner\"><div class=\"wpb_wrapper\">\n\t<div class=\"wpb_text_column wpb_content_element\" >\n\t\t<div class=\"wpb_wrapper\">\n\t\t\t<h2 class=\"wp-block-heading\"><strong>K\u0130\u015e\u0130SEL VER\u0130LER\u0130N KORUNMASI KANUNU KAPSAMINDA AYDINLATMA METN\u0130<\/strong><\/h2>\n<p><strong>Turpak Akaryak\u0131t Otomasyon Sistemleri San. ve Tic. A.\u015e.<\/strong>\u00a0(\u201c<strong>\u015eirketimiz<\/strong>\u201d), ki\u015fisel verilerin korunmas\u0131na \u00f6nem vermekte olup, 6698 say\u0131l\u0131 Ki\u015fisel Verilerin Korunmas\u0131 Kanunu (\u201c<strong>KVKK<\/strong>\u201d) kapsam\u0131nda veri sorumlusu s\u0131fat\u0131yla, ki\u015fisel verilerinizin i\u015flenmesine ili\u015fkin sizleri bilgilendirmek isteriz.<\/p>\n<h4><strong>1. \u0130\u015flenen Ki\u015fisel Veriler<\/strong><\/h4>\n<p>\u015eirketimiz, a\u015fa\u011f\u0131daki ki\u015fisel verilerinizi i\u015flemektedir:<\/p>\n<ul>\n<li>Kimlik Bilgileri (ad, soyad, T.C. kimlik numaras\u0131 vb.),<\/li>\n<li>\u0130leti\u015fim Bilgileri (telefon numaras\u0131, e-posta adresi, adres vb.),<\/li>\n<li>\u0130\u015flem G\u00fcvenli\u011fi Bilgileri (IP adresi, log kay\u0131tlar\u0131 vb.),<\/li>\n<li>M\u00fc\u015fteri \u0130\u015flem Bilgileri (fatura bilgileri, sipari\u015f bilgileri vb.),<\/li>\n<li>G\u00f6rsel ve \u0130\u015fitsel Veriler (foto\u011fraf, kamera kay\u0131tlar\u0131 vb.),<\/li>\n<li>Di\u011fer bilgiler (izin verdi\u011finiz takdirde taraf\u0131n\u0131za sunulan formlar ve anketler).<\/li>\n<\/ul>\n<h4><strong>2. Ki\u015fisel Verilerin \u0130\u015flenme Ama\u00e7lar\u0131<\/strong><\/h4>\n<p>Ki\u015fisel verileriniz \u015fu ama\u00e7larla i\u015flenmektedir:<\/p>\n<ul>\n<li>\u015eirket faaliyetlerinin y\u00fcr\u00fct\u00fclmesi ve hizmet sunumu,<\/li>\n<li>M\u00fc\u015fteri ili\u015fkilerinin y\u00f6netimi,<\/li>\n<li>Pazarlama ve reklam faaliyetleri,<\/li>\n<li>Yasal y\u00fck\u00fcml\u00fcl\u00fcklerin yerine getirilmesi,<\/li>\n<li>Talep ve \u015fikayetlerin de\u011ferlendirilmesi,<\/li>\n<li>Bilgi g\u00fcvenli\u011fi s\u00fcre\u00e7lerinin y\u00f6netimi.<\/li>\n<\/ul>\n<h4><strong>3. Ki\u015fisel Verilerinizin Aktar\u0131m\u0131<\/strong><\/h4>\n<p>Ki\u015fisel verileriniz, KVKK\u2019n\u0131n 8. ve 9. maddelerinde belirtilen \u015fartlar \u00e7er\u00e7evesinde:<\/p>\n<ul>\n<li>Yetkili kamu kurum ve kurulu\u015flar\u0131na,<\/li>\n<li>\u0130\u015f ortaklar\u0131m\u0131za ve hizmet ald\u0131\u011f\u0131m\u0131z \u00fc\u00e7\u00fcnc\u00fc taraflara,<\/li>\n<li>Veri i\u015fleme faaliyetlerini destekleyen yurt i\u00e7i ve yurt d\u0131\u015f\u0131ndaki sistemlere,<br \/>\naktar\u0131labilmektedir.<\/li>\n<\/ul>\n<h4><strong>4. Ki\u015fisel Veri Toplama Y\u00f6ntemi ve Hukuki Sebepler<\/strong><\/h4>\n<p>Ki\u015fisel verileriniz; internet sitemiz, mobil uygulamalar, \u00e7a\u011fr\u0131 merkezimiz, e-posta ve di\u011fer ileti\u015fim kanallar\u0131 arac\u0131l\u0131\u011f\u0131yla elektronik veya fiziki ortamda toplanmaktad\u0131r.<br \/>\nVeri i\u015fleme faaliyetlerimiz, KVKK\u2019n\u0131n 5. ve 6. maddelerinde belirtilen:<\/p>\n<ul>\n<li>Kanunlarda a\u00e7\u0131k\u00e7a \u00f6ng\u00f6r\u00fclmesi,<\/li>\n<li>Bir s\u00f6zle\u015fmenin kurulmas\u0131 veya ifas\u0131yla do\u011frudan ilgili olmas\u0131,<\/li>\n<li>Hukuki y\u00fck\u00fcml\u00fcl\u00fcklerin yerine getirilmesi,<\/li>\n<li>\u0130lgili ki\u015finin a\u00e7\u0131k r\u0131zas\u0131n\u0131n bulunmas\u0131,<br \/>\nhukuki sebeplerine dayanmaktad\u0131r.<\/li>\n<\/ul>\n<h4><strong>5. Veri Sahibinin Haklar\u0131<\/strong><\/h4>\n<p>KVKK\u2019n\u0131n 11. maddesi uyar\u0131nca, ki\u015fisel verisi i\u015flenen ki\u015filer a\u015fa\u011f\u0131daki haklara sahiptir:<\/p>\n<ul>\n<li>Ki\u015fisel verilerinizin i\u015flenip i\u015flenmedi\u011fini \u00f6\u011frenme,<\/li>\n<li>\u0130\u015flenmi\u015fse bilgi talep etme,<\/li>\n<li>\u0130\u015flenme amac\u0131n\u0131 ve amaca uygun kullan\u0131l\u0131p kullan\u0131lmad\u0131\u011f\u0131n\u0131 \u00f6\u011frenme,<\/li>\n<li>Yurt i\u00e7inde veya yurt d\u0131\u015f\u0131nda verilerin aktar\u0131ld\u0131\u011f\u0131 \u00fc\u00e7\u00fcnc\u00fc ki\u015fileri bilme,<\/li>\n<li>Eksik veya yanl\u0131\u015f i\u015flenmi\u015fse d\u00fczeltilmesini isteme,<\/li>\n<li>KVKK\u2019da \u00f6ng\u00f6r\u00fclen \u015fartlar \u00e7er\u00e7evesinde silinmesini veya yok edilmesini isteme,<\/li>\n<li>\u0130\u015flemenin m\u00fcnhas\u0131ran otomatik sistemlerle analiz edilmesi nedeniyle aleyhinize bir sonucun ortaya \u00e7\u0131kmas\u0131na itiraz etme,<\/li>\n<li>Ki\u015fisel verilerinizin kanuna ayk\u0131r\u0131 i\u015flenmesi nedeniyle zarara u\u011framan\u0131z halinde zarar\u0131n giderilmesini talep etme.<\/li>\n<\/ul>\n<h4><strong>6. \u0130leti\u015fim<\/strong><\/h4>\n<p>Ki\u015fisel verilerinizle ilgili talepleriniz i\u00e7in a\u015fa\u011f\u0131daki ileti\u015fim bilgileri arac\u0131l\u0131\u011f\u0131yla \u015eirketimize ba\u015fvurabilirsiniz:<\/p>\n<p><strong>Turpak Akaryak\u0131t Otomasyon Sistemleri San. ve Tic. A.\u015e.<\/strong><br \/>\nAdres: Merkez Mahallesi Erseven Sokak No:8\/1\/7 Kat:2 Can Plaza<br \/>\nKa\u011f\u0131thane \/ \u0130STANBUL<br \/>\nE-posta:\u00a0<a href=\"mailto:turpakyakit@hs02.kep.tr\">turpakyakit@hs02.kep.tr<\/a><br \/>\nPhone:\u00a0<a href=\"tel:+902123154100\" data-dtype=\"d3ph\" data-local-attribute=\"d3ph\" data-ved=\"2ahUKEwjZzb-Mq4GKAxVs8LsIHb8-KBAQkAgoAHoECE8QAw\"><span aria-label=\"(0212) 315 41 00 Numaral\u0131 Telefonu Ara\">(0212) 315 41 00<\/span><\/a><\/p>\n\n\t\t<\/div>\n\t<\/div>\n<\/div><\/div><\/div><\/div>\n<\/div>","protected":false},"excerpt":{"rendered":"K\u0130\u015e\u0130SEL VER\u0130LER\u0130N KORUNMASI KANUNU KAPSAMINDA AYDINLATMA METN\u0130 Turpak Akaryak\u0131t Otomasyon Sistemleri San. ve Tic. A.\u015e.\u00a0(\u201c\u015eirketimiz\u201d), ki\u015fisel verilerin korunmas\u0131na \u00f6nem vermekte","protected":false},"author":1,"featured_media":0,"parent":0,"menu_order":0,"comment_status":"closed","ping_status":"closed","template":"","meta":{"om_disable_all_campaigns":false,"footnotes":""},"class_list":["post-13380","page","type-page","status-publish","hentry"],"aioseo_notices":[],"_hostinger_reach_plugin_has_subscription_block":false,"_hostinger_reach_plugin_is_elementor":false,"_links":{"self":[{"href":"https:\/\/turpak.com.tr\/en\/wp-json\/wp\/v2\/pages\/13380","targetHints":{"allow":["GET"]}}],"collection":[{"href":"https:\/\/turpak.com.tr\/en\/wp-json\/wp\/v2\/pages"}],"about":[{"href":"https:\/\/turpak.com.tr\/en\/wp-json\/wp\/v2\/types\/page"}],"author":[{"embeddable":true,"href":"https:\/\/turpak.com.tr\/en\/wp-json\/wp\/v2\/users\/1"}],"replies":[{"embeddable":true,"href":"https:\/\/turpak.com.tr\/en\/wp-json\/wp\/v2\/comments?post=13380"}],"version-history":[{"count":2,"href":"https:\/\/turpak.com.tr\/en\/wp-json\/wp\/v2\/pages\/13380\/revisions"}],"predecessor-version":[{"id":13382,"href":"https:\/\/turpak.com.tr\/en\/wp-json\/wp\/v2\/pages\/13380\/revisions\/13382"}],"wp:attachment":[{"href":"https:\/\/turpak.com.tr\/en\/wp-json\/wp\/v2\/media?parent=13380"}],"curies":[{"name":"wp","href":"https:\/\/api.w.org\/{rel}","templated":true}]}}