{"id":11599,"date":"2023-09-16T12:23:15","date_gmt":"2023-09-16T09:23:15","guid":{"rendered":"https:\/\/mediumorchid-opossum-581332.hostingersite.com\/?post_type=product&#038;p=11599"},"modified":"2025-03-05T14:57:48","modified_gmt":"2025-03-05T11:57:48","slug":"veeder-root-tls-4","status":"publish","type":"product","link":"https:\/\/turpak.com.tr\/en\/product\/veeder-root-tls-4\/","title":{"rendered":"Veeder Root TLS 4"},"content":{"rendered":"<div class=\"wpb-content-wrapper\"><div class=\"vc_row wpb_row vc_row-fluid\"><div class=\"wpb_column vc_column_container vc_col-sm-12\"><div class=\"vc_column-inner\"><div class=\"wpb_wrapper\">\t\t<div id=\"wd-65076794e15e1\" class=\"wd-text-block wd-wpb reset-last-child wd-rs-65076794e15e1 text-left wd-fontsize-m\">\n\t\t\t<p>TLS4 Otomatik Tank Kontrol \u00dcnitesi ve \u00c7evre Koruma Sistemi, geli\u015fmi\u015f stok y\u00f6netimi ve yak\u0131t izleme i\u00e7in kapsaml\u0131 yak\u0131t verileri sa\u011flar. TLS4 geli\u015fmi\u015f algoritmalar sayesinde g\u00fcvenli, ger\u00e7ek zamanl\u0131 bildirimleri her yerden, her zaman alabilirsiniz.<\/p>\n\t\t<\/div>\n\t\t<\/div><\/div><\/div><\/div><div class=\"vc_row wpb_row vc_row-fluid vc_custom_1694984138473 wd-rs-650767bc3e282\"><div class=\"wpb_column vc_column_container vc_col-sm-4\"><div class=\"vc_column-inner\"><div class=\"wpb_wrapper\">\n\t\t<div id=\"wd-650571e714bca\" class=\"title-wrapper wd-wpb wd-set-mb reset-last-child  wd-rs-650571e714bca wd-title-color-default wd-title-style-underlined text-left  wd-underline-colored\">\n\t\t\t\n\t\t\t<div class=\"liner-continer\">\n\t\t\t\t<h4 class=\"woodmart-title-container title  wd-font-weight- wd-fontsize-l\" >Geli\u015fmi\u015f Performans<\/h4>\n\t\t\t\t\t\t\t<\/div>\n\t\t\t\n\t\t\t\n\t\t\t\n\t\t<\/div>\n\t\t\n\t\t\n\t<div class=\"wpb_text_column wpb_content_element\" >\n\t\t<div class=\"wpb_wrapper\">\n\t\t\t<p>TLS4, kan\u0131tlanm\u0131\u015f envanter y\u00f6netimi ve s\u0131z\u0131nt\u0131 tespit \u00f6zelliklerini, benzeri g\u00f6r\u00fclmemi\u015f kullan\u0131m ve eri\u015filebilirlik kolayl\u0131\u011f\u0131 ile ger\u00e7ek anlamda \u00f6l\u00e7eklenebilir bir sistemde birle\u015ftirir.<\/p>\n\n\t\t<\/div>\n\t<\/div>\n<\/div><\/div><\/div><div class=\"wpb_column vc_column_container vc_col-sm-4\"><div class=\"vc_column-inner\"><div class=\"wpb_wrapper\">\n\t\t<div id=\"wd-6507192555d39\" class=\"title-wrapper wd-wpb wd-set-mb reset-last-child  wd-rs-6507192555d39 wd-title-color-default wd-title-style-underlined text-left  wd-underline-colored\">\n\t\t\t\n\t\t\t<div class=\"liner-continer\">\n\t\t\t\t<h4 class=\"woodmart-title-container title  wd-font-weight- wd-fontsize-l\" >H\u0131zl\u0131 Sorun \u00c7\u00f6z\u00fcm\u00fc<\/h4>\n\t\t\t\t\t\t\t<\/div>\n\t\t\t\n\t\t\t\n\t\t\t\n\t\t<\/div>\n\t\t\n\t\t\n\t<div class=\"wpb_text_column wpb_content_element\" >\n\t\t<div class=\"wpb_wrapper\">\n\t\t\t<p>Halihaz\u0131rdaki saha hareketlerini anl\u0131k olarak takip etme sayesinde s\u00fcre\u00e7 y\u00f6netimini daha kolay hale getirir. Gereksiz g\u00f6nderimleri \u00f6nlemek i\u00e7in sorunlar\u0131 uzaktan te\u015fhis edebilir ve h\u0131zl\u0131ca m\u00fcdahale edebilirsiniz<\/p>\n\n\t\t<\/div>\n\t<\/div>\n<\/div><\/div><\/div><div class=\"wpb_column vc_column_container vc_col-sm-4\"><div class=\"vc_column-inner\"><div class=\"wpb_wrapper\">\n\t\t<div id=\"wd-6507198f8bba8\" class=\"title-wrapper wd-wpb wd-set-mb reset-last-child  wd-rs-6507198f8bba8 wd-title-color-default wd-title-style-underlined text-left  wd-underline-colored\">\n\t\t\t\n\t\t\t<div class=\"liner-continer\">\n\t\t\t\t<h4 class=\"woodmart-title-container title  wd-font-weight- wd-fontsize-l\" >Her Daim Sizinle<\/h4>\n\t\t\t\t\t\t\t<\/div>\n\t\t\t\n\t\t\t\n\t\t\t\n\t\t<\/div>\n\t\t\n\t\t\n\t<div class=\"wpb_text_column wpb_content_element\" >\n\t\t<div class=\"wpb_wrapper\">\n\t\t\t<p>TLS-450PLUS ile birlikte TLS-4xx ailesi, yak\u0131t istasyonlar\u0131n\u0131n ve filolar\u0131n uzun y\u0131llar boyunca g\u00fcvenebilece\u011fi yeni nesil Tank \u0130zleme \u00fcr\u00fcnleri.<\/p>\n\n\t\t<\/div>\n\t<\/div>\n<\/div><\/div><\/div><\/div><div class=\"vc_row wpb_row vc_row-fluid\"><div class=\"wpb_column vc_column_container vc_col-sm-4\"><div class=\"vc_column-inner\"><div class=\"wpb_wrapper\">\n\t\t<div id=\"wd-650718cabf9b7\" class=\"title-wrapper wd-wpb wd-set-mb reset-last-child  wd-rs-650718cabf9b7 wd-title-color-default wd-title-style-underlined text-left  wd-underline-colored\">\n\t\t\t\n\t\t\t<div class=\"liner-continer\">\n\t\t\t\t<h4 class=\"woodmart-title-container title  wd-font-weight- wd-fontsize-l\" >Uzaktan Ba\u011flant\u0131<\/h4>\n\t\t\t\t\t\t\t<\/div>\n\t\t\t\n\t\t\t\n\t\t\t\n\t\t<\/div>\n\t\t\n\t\t\n\t<div class=\"wpb_text_column wpb_content_element\" >\n\t\t<div class=\"wpb_wrapper\">\n\t\t\t<p>\u015eirket\/saha performans\u0131n\u0131z\u0131 izleyin, ger\u00e7ek zamanl\u0131 uyar\u0131lar al\u0131n ve web \u00f6zellikli cihazlar arac\u0131l\u0131\u011f\u0131yla uyumluluk verilerine istedi\u011finiz zaman, istedi\u011finiz yerden eri\u015fim sa\u011flayabilirsiniz.<\/p>\n\n\t\t<\/div>\n\t<\/div>\n<\/div><\/div><\/div><div class=\"wpb_column vc_column_container vc_col-sm-4\"><div class=\"vc_column-inner\"><div class=\"wpb_wrapper\">\n\t\t<div id=\"wd-65071945f1fdc\" class=\"title-wrapper wd-wpb wd-set-mb reset-last-child  wd-rs-65071945f1fdc wd-title-color-default wd-title-style-underlined text-left  wd-underline-colored\">\n\t\t\t\n\t\t\t<div class=\"liner-continer\">\n\t\t\t\t<h4 class=\"woodmart-title-container title  wd-font-weight- wd-fontsize-l\" >High Security<\/h4>\n\t\t\t\t\t\t\t<\/div>\n\t\t\t\n\t\t\t\n\t\t\t\n\t\t<\/div>\n\t\t\n\t\t\n\t<div class=\"wpb_text_column wpb_content_element\" >\n\t\t<div class=\"wpb_wrapper\">\n\t\t\t<p>A\u011f\u0131n\u0131z\u0131 g\u00fcvende tutmak i\u00e7in g\u00fcvenli Ethernet a\u011flar\u0131, \u00f6zelle\u015ftirilmi\u015f kullan\u0131c\u0131 eri\u015fimi ve G\u00fcvenli Soket Katman\u0131 (SSL) web korumas\u0131n\u0131 desteklemektedir.<\/p>\n\n\t\t<\/div>\n\t<\/div>\n<\/div><\/div><\/div><div class=\"wpb_column vc_column_container vc_col-sm-4\"><div class=\"vc_column-inner\"><div class=\"wpb_wrapper\">\n\t\t<div id=\"wd-650719d620380\" class=\"title-wrapper wd-wpb wd-set-mb reset-last-child  wd-rs-650719d620380 wd-title-color-default wd-title-style-underlined text-left  wd-underline-colored\">\n\t\t\t\n\t\t\t<div class=\"liner-continer\">\n\t\t\t\t<h4 class=\"woodmart-title-container title  wd-font-weight- wd-fontsize-l\" >Verimlili\u011finizi Art\u0131r\u0131n<\/h4>\n\t\t\t\t\t\t\t<\/div>\n\t\t\t\n\t\t\t\n\t\t\t\n\t\t<\/div>\n\t\t\n\t\t\n\t<div class=\"wpb_text_column wpb_content_element\" >\n\t\t<div class=\"wpb_wrapper\">\n\t\t\t<p>Kullan\u0131c\u0131 yetkinli\u011fini art\u0131rmak i\u00e7in verilen e\u011fitim programlar\u0131n\u0131 kolayla\u015ft\u0131r\u0131r. \u00d6nceden belirlenmi\u015f ki\u015filere senaryoya \u00f6zel bilgiler sa\u011flamak i\u00e7in \u00f6zelle\u015ftirilmi\u015f alarm uyar\u0131 sistemi.<\/p>\n\n\t\t<\/div>\n\t<\/div>\n<\/div><\/div><\/div><\/div><div class=\"vc_row wpb_row vc_row-fluid\"><div class=\"wpb_column vc_column_container vc_col-sm-4\"><div class=\"vc_column-inner\"><div class=\"wpb_wrapper\">\n\t\t<div id=\"wd-65071911bc13f\" class=\"title-wrapper wd-wpb wd-set-mb reset-last-child  wd-rs-65071911bc13f wd-title-color-default wd-title-style-underlined text-left  wd-underline-colored\">\n\t\t\t\n\t\t\t<div class=\"liner-continer\">\n\t\t\t\t<h4 class=\"woodmart-title-container title  wd-font-weight- wd-fontsize-l\" >Uzaktan Yaz\u0131l\u0131m G\u00fcncelleme<\/h4>\n\t\t\t\t\t\t\t<\/div>\n\t\t\t\n\t\t\t\n\t\t\t\n\t\t<\/div>\n\t\t\n\t\t\n\t<div class=\"wpb_text_column wpb_content_element\" >\n\t\t<div class=\"wpb_wrapper\">\n\t\t\t<p>Teknisyen ziyaretlerine gerek kalmadan yaz\u0131l\u0131m g\u00fcncellemelerine kolay eri\u015fim.<\/p>\n\n\t\t<\/div>\n\t<\/div>\n<\/div><\/div><\/div><div class=\"wpb_column vc_column_container vc_col-sm-4\"><div class=\"vc_column-inner\"><div class=\"wpb_wrapper\">\n\t\t<div id=\"wd-650719698750a\" class=\"title-wrapper wd-wpb wd-set-mb reset-last-child  wd-rs-650719698750a wd-title-color-default wd-title-style-underlined text-left  wd-underline-colored\">\n\t\t\t\n\t\t\t<div class=\"liner-continer\">\n\t\t\t\t<h4 class=\"woodmart-title-container title  wd-font-weight- wd-fontsize-l\" >Kolay Kullan\u0131m<\/h4>\n\t\t\t\t\t\t\t<\/div>\n\t\t\t\n\t\t\t\n\t\t\t\n\t\t<\/div>\n\t\t\n\t\t\n\t<div class=\"wpb_text_column wpb_content_element\" >\n\t\t<div class=\"wpb_wrapper\">\n\t\t\t<p>Sistem kurulumunu kolayla\u015ft\u0131r\u0131r ve optimum sistem performans\u0131 i\u00e7in hi\u00e7bir \u015feyin g\u00f6zden ka\u00e7\u0131r\u0131lmamas\u0131n\u0131 sa\u011flar.<\/p>\n\n\t\t<\/div>\n\t<\/div>\n<\/div><\/div><\/div><div class=\"wpb_column vc_column_container vc_col-sm-4\"><div class=\"vc_column-inner\"><div class=\"wpb_wrapper\">\n\t\t<div id=\"wd-650719e9d1420\" class=\"title-wrapper wd-wpb wd-set-mb reset-last-child  wd-rs-650719e9d1420 wd-title-color-default wd-title-style-underlined text-left  wd-underline-colored\">\n\t\t\t\n\t\t\t<div class=\"liner-continer\">\n\t\t\t\t<h4 class=\"woodmart-title-container title  wd-font-weight- wd-fontsize-l\" >Veri Koruma<\/h4>\n\t\t\t\t\t\t\t<\/div>\n\t\t\t\n\t\t\t\n\t\t\t\n\t\t<\/div>\n\t\t\n\t\t\n\t<div class=\"wpb_text_column wpb_content_element\" >\n\t\t<div class=\"wpb_wrapper\">\n\t\t\t<p>3 y\u0131la kadar veri depolay\u0131n ve bunlar\u0131 elektrik kesintilerinden, pil de\u011fi\u015fimlerinden veya yaz\u0131l\u0131m y\u00fckseltmelerinden koruyun.<\/p>\n\n\t\t<\/div>\n\t<\/div>\n<\/div><\/div><\/div><\/div>\n<\/div>","protected":false},"excerpt":{"rendered":"<p>TLS4 Otomatik Tank Kontrol \u00dcnitesi<\/p>\n<ul>\n<li><span class=\"jCAhz ChMk0b\"><span class=\"ryNqvb\">12 Adet Sens\u00f6r\u00fc \u0130zler<\/span><\/span><\/li>\n<li><span class=\"jCAhz ChMk0b\"><span class=\"ryNqvb\">\u0130ste\u011fe Ba\u011fl\u0131 \u00d6zellik Y\u00fckseltmeleri<\/span><\/span><\/li>\n<li><span class=\"jCAhz ChMk0b\"><span class=\"ryNqvb\">Ethernet A\u011f\u0131<\/span><\/span><\/li>\n<\/ul>\n<p>Kapsaml\u0131 Yak\u0131t \u0130zleme, Stok Y\u00f6netimi ve Tank S\u0131z\u0131nt\u0131s\u0131 Tespiti.<\/p>","protected":false},"featured_media":11637,"template":"","meta":{"om_disable_all_campaigns":false},"product_brand":[],"product_cat":[21],"product_tag":[],"class_list":{"0":"post-11599","1":"product","2":"type-product","3":"status-publish","4":"has-post-thumbnail","6":"product_cat-istasyon-adblue-otomasyonu","8":"first","9":"instock","10":"shipping-taxable","11":"product-type-simple"},"aioseo_notices":[],"_links":{"self":[{"href":"https:\/\/turpak.com.tr\/en\/wp-json\/wp\/v2\/product\/11599","targetHints":{"allow":["GET"]}}],"collection":[{"href":"https:\/\/turpak.com.tr\/en\/wp-json\/wp\/v2\/product"}],"about":[{"href":"https:\/\/turpak.com.tr\/en\/wp-json\/wp\/v2\/types\/product"}],"wp:featuredmedia":[{"embeddable":true,"href":"https:\/\/turpak.com.tr\/en\/wp-json\/wp\/v2\/media\/11637"}],"wp:attachment":[{"href":"https:\/\/turpak.com.tr\/en\/wp-json\/wp\/v2\/media?parent=11599"}],"wp:term":[{"taxonomy":"product_brand","embeddable":true,"href":"https:\/\/turpak.com.tr\/en\/wp-json\/wp\/v2\/product_brand?post=11599"},{"taxonomy":"product_cat","embeddable":true,"href":"https:\/\/turpak.com.tr\/en\/wp-json\/wp\/v2\/product_cat?post=11599"},{"taxonomy":"product_tag","embeddable":true,"href":"https:\/\/turpak.com.tr\/en\/wp-json\/wp\/v2\/product_tag?post=11599"}],"curies":[{"name":"wp","href":"https:\/\/api.w.org\/{rel}","templated":true}]}}