{"id":11605,"date":"2023-09-16T16:57:50","date_gmt":"2023-09-16T13:57:50","guid":{"rendered":"https:\/\/mediumorchid-opossum-581332.hostingersite.com\/?post_type=product&#038;p=11605"},"modified":"2023-09-20T15:57:44","modified_gmt":"2023-09-20T12:57:44","slug":"tls-450-plus-tank-kontrol-cihazi","status":"publish","type":"product","link":"https:\/\/turpak.com.tr\/en\/product\/tls-450-plus-tank-kontrol-cihazi\/","title":{"rendered":"TLS 450 Plus Tank Kontrol Cihaz\u0131"},"content":{"rendered":"<div class=\"wpb-content-wrapper\"><div class=\"vc_row wpb_row vc_row-fluid\"><div class=\"wpb_column vc_column_container vc_col-sm-12\"><div class=\"vc_column-inner\"><div class=\"wpb_wrapper\">\t\t<div id=\"wd-6507671dcf042\" class=\"wd-text-block wd-wpb reset-last-child wd-rs-6507671dcf042 text-left wd-fontsize-m\">\n\t\t\t<p>TLS-450PLUS Otomatik Tank Kontrol Sistemi, geli\u015fmi\u015f yak\u0131t stok y\u00f6netimi i\u00e7in en kapsaml\u0131 stok g\u00f6r\u00fcn\u00fcrl\u00fc\u011f\u00fcn\u00fc, yak\u0131t izlemesini ve yak\u0131t sahas\u0131 verilerini sa\u011flar.<\/p>\n<p>TLS-450PLUS&#8217;\u0131n geli\u015fmi\u015f g\u00fcvenlik algoritmalar\u0131 sayesinde ger\u00e7ek zamanl\u0131 bildirimleri her yerden ve her zaman eri\u015fimi birle\u015ftirir.<\/p>\n\t\t<\/div>\n\t\t<\/div><\/div><\/div><\/div><div class=\"vc_row wpb_row vc_row-fluid vc_custom_1694984003365 vc_column-gap-5 vc_row-o-equal-height vc_row-o-content-top vc_row-flex wd-rs-6507673aaa13b\"><div class=\"wpb_column vc_column_container vc_col-sm-4\"><div class=\"vc_column-inner\"><div class=\"wpb_wrapper\">\n\t\t<div id=\"wd-650714cd4b9ce\" class=\"title-wrapper wd-wpb wd-set-mb reset-last-child  wd-rs-650714cd4b9ce wd-title-color-default wd-title-style-underlined text-left  wd-underline-colored\">\n\t\t\t\n\t\t\t<div class=\"liner-continer\">\n\t\t\t\t<h4 class=\"woodmart-title-container title  wd-font-weight- wd-fontsize-l\" >Geli\u015fmi\u015f Performans<\/h4>\n\t\t\t\t\t\t\t<\/div>\n\t\t\t\n\t\t\t\n\t\t\t\n\t\t<\/div>\n\t\t\n\t\t\t\t<div id=\"wd-65070850e9800\" class=\"wd-text-block wd-wpb reset-last-child wd-rs-65070850e9800 text-left\">\n\t\t\t<p>TLS 450&#8217;ye g\u00f6re be\u015f kat daha fazla i\u015flem g\u00fcc\u00fc, alt\u0131 kat daha fazla bellek ve iki kat\u0131 depolama alan\u0131na sahip. \u0130\u015fletmeniz b\u00fcy\u00fcd\u00fck\u00e7e y\u00fckseltilebilir olmas\u0131 sayesinde yeni \u00f6zellikler ekleyebilirsiniz.<\/p>\n\t\t<\/div>\n\t\t<\/div><\/div><\/div><div class=\"wpb_column vc_column_container vc_col-sm-4\"><div class=\"vc_column-inner\"><div class=\"wpb_wrapper\">\n\t\t<div id=\"wd-65070a14ea83e\" class=\"title-wrapper wd-wpb wd-set-mb reset-last-child  wd-rs-65070a14ea83e wd-title-color-default wd-title-style-underlined text-left  wd-underline-colored\">\n\t\t\t\n\t\t\t<div class=\"liner-continer\">\n\t\t\t\t<h4 class=\"woodmart-title-container title  wd-font-weight- wd-fontsize-l\" >H\u0131zl\u0131 Sorun \u00c7\u00f6z\u00fcm\u00fc<\/h4>\n\t\t\t\t\t\t\t<\/div>\n\t\t\t\n\t\t\t\n\t\t\t\n\t\t<\/div>\n\t\t\n\t\t\t\t<div id=\"wd-65070a34f352e\" class=\"wd-text-block wd-wpb reset-last-child wd-rs-65070a34f352e text-left\">\n\t\t\t<p>Halihaz\u0131rdaki saha hareketlerini anl\u0131k olarak takip etme sayesinde s\u00fcre\u00e7 y\u00f6netimini daha kolay hale getirir. Gereksiz g\u00f6nderimleri \u00f6nlemek i\u00e7in sorunlar\u0131 uzaktan te\u015fhis edebilir ve h\u0131zl\u0131ca m\u00fcdahale edebilirsiniz<\/p>\n\t\t<\/div>\n\t\t<\/div><\/div><\/div><div class=\"wpb_column vc_column_container vc_col-sm-4\"><div class=\"vc_column-inner\"><div class=\"wpb_wrapper\">\n\t\t<div id=\"wd-65070ad19721d\" class=\"title-wrapper wd-wpb wd-set-mb reset-last-child  wd-rs-65070ad19721d wd-title-color-default wd-title-style-underlined text-left  wd-underline-colored\">\n\t\t\t\n\t\t\t<div class=\"liner-continer\">\n\t\t\t\t<h4 class=\"woodmart-title-container title  wd-font-weight- wd-fontsize-l\" >Her Daim Sizinle<\/h4>\n\t\t\t\t\t\t\t<\/div>\n\t\t\t\n\t\t\t\n\t\t\t\n\t\t<\/div>\n\t\t\n\t\t\t\t<div id=\"wd-65070af816ebd\" class=\"wd-text-block wd-wpb reset-last-child wd-rs-65070af816ebd text-left\">\n\t\t\t<p>TLS4 ve TLS4B ile birlikte TLS-4xx ailesi, yak\u0131t istasyonlar\u0131n\u0131n ve filolar\u0131n uzun y\u0131llar boyunca g\u00fcvenebilece\u011fi yeni nesil Tank \u0130zleme \u00fcr\u00fcnleri.<\/p>\n\t\t<\/div>\n\t\t<\/div><\/div><\/div><\/div><div class=\"vc_row wpb_row vc_row-fluid vc_column-gap-5 vc_row-o-equal-height vc_row-o-content-top vc_row-flex wd-rs-650714725f731\"><div class=\"wpb_column vc_column_container vc_col-sm-4\"><div class=\"vc_column-inner\"><div class=\"wpb_wrapper\">\n\t\t<div id=\"wd-650709077b43f\" class=\"title-wrapper wd-wpb wd-set-mb reset-last-child  wd-rs-650709077b43f wd-title-color-default wd-title-style-underlined text-left  wd-underline-colored\">\n\t\t\t\n\t\t\t<div class=\"liner-continer\">\n\t\t\t\t<h4 class=\"woodmart-title-container title  wd-font-weight- wd-fontsize-l\" >Uzaktan Ba\u011flant\u0131<\/h4>\n\t\t\t\t\t\t\t<\/div>\n\t\t\t\n\t\t\t\n\t\t\t\n\t\t<\/div>\n\t\t\n\t\t\t\t<div id=\"wd-650709152bcb7\" class=\"wd-text-block wd-wpb reset-last-child wd-rs-650709152bcb7 text-left\">\n\t\t\t<p>\u015eirket\/saha performans\u0131n\u0131z\u0131 izleyin, ger\u00e7ek zamanl\u0131 uyar\u0131lar al\u0131n ve web \u00f6zellikli cihazlar arac\u0131l\u0131\u011f\u0131yla uyumluluk verilerine istedi\u011finiz zaman, istedi\u011finiz yerden eri\u015fim sa\u011flayabilirsiniz.<\/p>\n\t\t<\/div>\n\t\t<\/div><\/div><\/div><div class=\"wpb_column vc_column_container vc_col-sm-4\"><div class=\"vc_column-inner\"><div class=\"wpb_wrapper\">\n\t\t<div id=\"wd-65070960727f2\" class=\"title-wrapper wd-wpb wd-set-mb reset-last-child  wd-rs-65070960727f2 wd-title-color-default wd-title-style-underlined text-left  wd-underline-colored\">\n\t\t\t\n\t\t\t<div class=\"liner-continer\">\n\t\t\t\t<h4 class=\"woodmart-title-container title  wd-font-weight- wd-fontsize-l\" >High Security<\/h4>\n\t\t\t\t\t\t\t<\/div>\n\t\t\t\n\t\t\t\n\t\t\t\n\t\t<\/div>\n\t\t\n\t\t\t\t<div id=\"wd-6507098fe2f10\" class=\"wd-text-block wd-wpb reset-last-child wd-rs-6507098fe2f10 text-left\">\n\t\t\t<p>A\u011f\u0131n\u0131z\u0131 g\u00fcvende tutmak i\u00e7in g\u00fcvenli Ethernet a\u011flar\u0131, \u00f6zelle\u015ftirilmi\u015f kullan\u0131c\u0131 eri\u015fimi ve G\u00fcvenli Soket Katman\u0131 (SSL) web korumas\u0131n\u0131 desteklemektedir.<\/p>\n\t\t<\/div>\n\t\t<\/div><\/div><\/div><div class=\"wpb_column vc_column_container vc_col-sm-4\"><div class=\"vc_column-inner\"><div class=\"wpb_wrapper\">\n\t\t<div id=\"wd-65070b50ef9ec\" class=\"title-wrapper wd-wpb wd-set-mb reset-last-child  wd-rs-65070b50ef9ec wd-title-color-default wd-title-style-underlined text-left  wd-underline-colored\">\n\t\t\t\n\t\t\t<div class=\"liner-continer\">\n\t\t\t\t<h4 class=\"woodmart-title-container title  wd-font-weight- wd-fontsize-l\" >Verimlili\u011finizi Art\u0131r\u0131n<\/h4>\n\t\t\t\t\t\t\t<\/div>\n\t\t\t\n\t\t\t\n\t\t\t\n\t\t<\/div>\n\t\t\n\t\t\t\t<div id=\"wd-65070b5c283ed\" class=\"wd-text-block wd-wpb reset-last-child wd-rs-65070b5c283ed text-left\">\n\t\t\t<p>Kullan\u0131c\u0131 yetkinli\u011fini art\u0131rmak i\u00e7in verilen e\u011fitim programlar\u0131n\u0131 kolayla\u015ft\u0131r\u0131r. \u00d6nceden belirlenmi\u015f ki\u015filere senaryoya \u00f6zel bilgiler sa\u011flamak i\u00e7in \u00f6zelle\u015ftirilmi\u015f alarm uyar\u0131 sistemi.<\/p>\n\t\t<\/div>\n\t\t<\/div><\/div><\/div><\/div><div class=\"vc_row wpb_row vc_row-fluid vc_column-gap-5 vc_row-o-equal-height vc_row-o-content-top vc_row-flex wd-rs-650714725f731\"><div class=\"wpb_column vc_column_container vc_col-sm-4\"><div class=\"vc_column-inner\"><div class=\"wpb_wrapper\">\n\t\t<div id=\"wd-65070ab970e3f\" class=\"title-wrapper wd-wpb wd-set-mb reset-last-child  wd-rs-65070ab970e3f wd-title-color-default wd-title-style-underlined text-left  wd-underline-colored\">\n\t\t\t\n\t\t\t<div class=\"liner-continer\">\n\t\t\t\t<h4 class=\"woodmart-title-container title  wd-font-weight- wd-fontsize-l\" >Uzaktan Yaz\u0131l\u0131m G\u00fcncelleme<\/h4>\n\t\t\t\t\t\t\t<\/div>\n\t\t\t\n\t\t\t\n\t\t\t\n\t\t<\/div>\n\t\t\n\t\t\t\t<div id=\"wd-65070aaa4ed67\" class=\"wd-text-block wd-wpb reset-last-child wd-rs-65070aaa4ed67 text-left\">\n\t\t\t<p>Teknisyen ziyaretlerine gerek kalmadan yaz\u0131l\u0131m g\u00fcncellemelerine kolay eri\u015fim.<\/p>\n\t\t<\/div>\n\t\t<\/div><\/div><\/div><div class=\"wpb_column vc_column_container vc_col-sm-4\"><div class=\"vc_column-inner\"><div class=\"wpb_wrapper\">\n\t\t<div id=\"wd-650709bf000be\" class=\"title-wrapper wd-wpb wd-set-mb reset-last-child  wd-rs-650709bf000be wd-title-color-default wd-title-style-underlined text-left  wd-underline-colored\">\n\t\t\t\n\t\t\t<div class=\"liner-continer\">\n\t\t\t\t<h4 class=\"woodmart-title-container title  wd-font-weight- wd-fontsize-l\" >Kolay Kullan\u0131m<\/h4>\n\t\t\t\t\t\t\t<\/div>\n\t\t\t\n\t\t\t\n\t\t\t\n\t\t<\/div>\n\t\t\n\t\t\t\t<div id=\"wd-650709cb7d156\" class=\"wd-text-block wd-wpb reset-last-child wd-rs-650709cb7d156 text-left\">\n\t\t\t<p>Sistem kurulumunu kolayla\u015ft\u0131r\u0131r ve optimum sistem performans\u0131 i\u00e7in hi\u00e7bir \u015feyin g\u00f6zden ka\u00e7\u0131r\u0131lmamas\u0131n\u0131 sa\u011flar.<\/p>\n\t\t<\/div>\n\t\t<\/div><\/div><\/div><div class=\"wpb_column vc_column_container vc_col-sm-4\"><div class=\"vc_column-inner\"><div class=\"wpb_wrapper\">\n\t\t<div id=\"wd-65070cac9758f\" class=\"title-wrapper wd-wpb wd-set-mb reset-last-child  wd-rs-65070cac9758f wd-title-color-default wd-title-style-underlined text-left  wd-underline-colored\">\n\t\t\t\n\t\t\t<div class=\"liner-continer\">\n\t\t\t\t<h4 class=\"woodmart-title-container title  wd-font-weight- wd-fontsize-l\" >Veri Koruma<\/h4>\n\t\t\t\t\t\t\t<\/div>\n\t\t\t\n\t\t\t\n\t\t\t\n\t\t<\/div>\n\t\t\n\t\t\t\t<div id=\"wd-65070cc0089b8\" class=\"wd-text-block wd-wpb reset-last-child wd-rs-65070cc0089b8 text-left\">\n\t\t\t<p>3 y\u0131la kadar veri depolay\u0131n ve bunlar\u0131 elektrik kesintilerinden, pil de\u011fi\u015fimlerinden veya yaz\u0131l\u0131m y\u00fckseltmelerinden koruyun.<\/p>\n\t\t<\/div>\n\t\t<\/div><\/div><\/div><\/div>\n<\/div>","protected":false},"excerpt":{"rendered":"<p>TLS-450PLUS Otomatik Tank Kontrol \u00dcnitesi<\/p>\n<ul>\n<li>64 Prop ve Sens\u00f6r\u00fc Bir Arada \u0130zler, (256 Giri\u015fe kadar geni\u015fletilebilir)<\/li>\n<li>\u0130ste\u011fe Ba\u011fl\u0131 \u00d6zellik Y\u00fckseltmeleri<\/li>\n<li>Ethernet Ba\u011flant\u0131s\u0131<\/li>\n<\/ul>\n<p>Kapsaml\u0131 Yak\u0131t \u0130zleme, Yak\u0131t Stok Y\u00f6netimi, Tank ve Bas\u0131n\u00e7 Hatt\u0131 S\u0131z\u0131nt\u0131 Tespiti<\/p>\n<p>&nbsp;<\/p>","protected":false},"featured_media":11635,"template":"","meta":{"om_disable_all_campaigns":false},"product_brand":[],"product_cat":[21],"product_tag":[],"class_list":{"0":"post-11605","1":"product","2":"type-product","3":"status-publish","4":"has-post-thumbnail","6":"product_cat-istasyon-adblue-otomasyonu","8":"first","9":"instock","10":"shipping-taxable","11":"product-type-simple"},"aioseo_notices":[],"_links":{"self":[{"href":"https:\/\/turpak.com.tr\/en\/wp-json\/wp\/v2\/product\/11605","targetHints":{"allow":["GET"]}}],"collection":[{"href":"https:\/\/turpak.com.tr\/en\/wp-json\/wp\/v2\/product"}],"about":[{"href":"https:\/\/turpak.com.tr\/en\/wp-json\/wp\/v2\/types\/product"}],"wp:featuredmedia":[{"embeddable":true,"href":"https:\/\/turpak.com.tr\/en\/wp-json\/wp\/v2\/media\/11635"}],"wp:attachment":[{"href":"https:\/\/turpak.com.tr\/en\/wp-json\/wp\/v2\/media?parent=11605"}],"wp:term":[{"taxonomy":"product_brand","embeddable":true,"href":"https:\/\/turpak.com.tr\/en\/wp-json\/wp\/v2\/product_brand?post=11605"},{"taxonomy":"product_cat","embeddable":true,"href":"https:\/\/turpak.com.tr\/en\/wp-json\/wp\/v2\/product_cat?post=11605"},{"taxonomy":"product_tag","embeddable":true,"href":"https:\/\/turpak.com.tr\/en\/wp-json\/wp\/v2\/product_tag?post=11605"}],"curies":[{"name":"wp","href":"https:\/\/api.w.org\/{rel}","templated":true}]}}