{"id":11610,"date":"2023-09-17T15:57:54","date_gmt":"2023-09-17T12:57:54","guid":{"rendered":"https:\/\/mediumorchid-opossum-581332.hostingersite.com\/?post_type=product&#038;p=11610"},"modified":"2023-12-11T23:26:21","modified_gmt":"2023-12-11T20:26:21","slug":"cpass","status":"publish","type":"product","link":"https:\/\/turpak.com.tr\/en\/product\/cpass\/","title":{"rendered":"Cpass"},"content":{"rendered":"<div class=\"wpb-content-wrapper\"><div class=\"vc_row wpb_row vc_row-fluid\"><div class=\"wpb_column vc_column_container vc_col-sm-12\"><div class=\"vc_column-inner\"><div class=\"wpb_wrapper\">\t\t<div id=\"wd-6506f662418a8\" class=\"wd-text-block wd-wpb reset-last-child wd-rs-6506f662418a8 text-left\">\n\t\t\t<p>Nanopass, D\u00fcnya&#8217;da bir ilk olarak \u00fcretilmi\u015f \u00e7ok \u00f6zel g\u00fcvenlik sistemine sahip RFID Micro Ta\u015f\u0131t Kimlik \u00dcnitesidir. Nanopass yak\u0131t deposu giri\u015fine montaj yap\u0131l\u0131r. Tek par\u00e7a \u00fcnite olup chip ve anten entegredir. \u00d6zel bir yap\u0131s\u0131 ile s\u00f6k\u00fcld\u00fc\u011f\u00fcnde kullan\u0131lamaz duruma gelir.<\/p>\n\t\t<\/div>\n\t\t<\/div><\/div><\/div><\/div><div class=\"vc_row wpb_row vc_row-fluid\"><div class=\"wpb_column vc_column_container vc_col-sm-6\"><div class=\"vc_column-inner\"><div class=\"wpb_wrapper\">\t\t<div id=\"wd-6506f662418a8\" class=\"wd-text-block wd-wpb reset-last-child wd-rs-6506f662418a8 text-left\">\n\t\t\t<p>Nanopass, D\u00fcnya&#8217;da bir ilk olarak \u00fcretilmi\u015f \u00e7ok \u00f6zel g\u00fcvenlik sistemine sahip RFID Micro Ta\u015f\u0131t Kimlik \u00dcnitesidir. Nanopass yak\u0131t deposu giri\u015fine montaj yap\u0131l\u0131r. Tek par\u00e7a \u00fcnite olup chip ve anten entegredir. \u00d6zel bir yap\u0131s\u0131 ile s\u00f6k\u00fcld\u00fc\u011f\u00fcnde kullan\u0131lamaz duruma gelir.<\/p>\n\t\t<\/div>\n\t\t<\/div><\/div><\/div><div class=\"wpb_column vc_column_container vc_col-sm-6\"><div class=\"vc_column-inner\"><div class=\"wpb_wrapper\">\t\t<div id=\"wd-6506f662418a8\" class=\"wd-text-block wd-wpb reset-last-child wd-rs-6506f662418a8 text-left\">\n\t\t\t<p>Nanopass, D\u00fcnya&#8217;da bir ilk olarak \u00fcretilmi\u015f \u00e7ok \u00f6zel g\u00fcvenlik sistemine sahip RFID Micro Ta\u015f\u0131t Kimlik \u00dcnitesidir. Nanopass yak\u0131t deposu giri\u015fine montaj yap\u0131l\u0131r. Tek par\u00e7a \u00fcnite olup chip ve anten entegredir. \u00d6zel bir yap\u0131s\u0131 ile s\u00f6k\u00fcld\u00fc\u011f\u00fcnde kullan\u0131lamaz duruma gelir.<\/p>\n\t\t<\/div>\n\t\t<\/div><\/div><\/div><\/div><div class=\"vc_row wpb_row vc_row-fluid\"><div class=\"wpb_column vc_column_container vc_col-sm-6\"><div class=\"vc_column-inner\"><div class=\"wpb_wrapper\">\t\t<div id=\"wd-6506f7737a861\" class=\"wd-image wd-wpb wd-rs-6506f7737a861 text-center  photoswipe-images inline-element\">\n\t\t\t\t\t\t\t<a href=\"https:\/\/turpak.com.tr\/wp-content\/uploads\/2023\/08\/NanoPass-400x292.webp\"  data-width=\"400\" data-height=\"292\">\n\t\t\t\n\t\t\t<img loading=\"lazy\" decoding=\"async\" width=\"400\" height=\"292\" src=\"https:\/\/turpak.com.tr\/wp-content\/uploads\/2023\/08\/NanoPass-400x292.webp\" class=\"attachment-medium size-medium\" alt=\"\" srcset=\"https:\/\/turpak.com.tr\/wp-content\/uploads\/2023\/08\/NanoPass-400x292.webp 400w, https:\/\/turpak.com.tr\/wp-content\/uploads\/2023\/08\/NanoPass-430x314.webp 430w, https:\/\/turpak.com.tr\/wp-content\/uploads\/2023\/08\/NanoPass-150x110.webp 150w, https:\/\/turpak.com.tr\/wp-content\/uploads\/2023\/08\/NanoPass.webp 501w\" sizes=\"auto, (max-width: 400px) 100vw, 400px\" \/>\n\t\t\t\t\t\t\t<\/a>\n\t\t\t\t\t<\/div>\n\t\t<\/div><\/div><\/div><div class=\"wpb_column vc_column_container vc_col-sm-6\"><div class=\"vc_column-inner\"><div class=\"wpb_wrapper\">\t\t<div id=\"wd-6506f662418a8\" class=\"wd-text-block wd-wpb reset-last-child wd-rs-6506f662418a8 text-left\">\n\t\t\t<p>Nanopass, D\u00fcnya&#8217;da bir ilk olarak \u00fcretilmi\u015f \u00e7ok \u00f6zel g\u00fcvenlik sistemine sahip RFID Micro Ta\u015f\u0131t Kimlik \u00dcnitesidir. Nanopass yak\u0131t deposu giri\u015fine montaj yap\u0131l\u0131r. Tek par\u00e7a \u00fcnite olup chip ve anten entegredir. \u00d6zel bir yap\u0131s\u0131 ile s\u00f6k\u00fcld\u00fc\u011f\u00fcnde kullan\u0131lamaz duruma gelir.<\/p>\n\t\t<\/div>\n\t\t<\/div><\/div><\/div><\/div>\n<\/div>","protected":false},"excerpt":{"rendered":"<p><strong>RFID Ta\u015f\u0131t Kimlik \u00dcnitesi<\/strong><\/p>\n<ul>\n<li>Nanopass, D\u00fcnya&#8217;da bir ilk olarak \u00fcretilmi\u015f \u00e7ok \u00f6zel g\u00fcvenlik sistemine sahip RFID Micro Ta\u015f\u0131t Kimlik \u00dcnitesidir.<\/li>\n<li>Nanopass yak\u0131t deposu giri\u015fine montaj yap\u0131l\u0131r. Tek par\u00e7a \u00fcnite olup chip ve anten entegredir.<\/li>\n<li>\u00d6zel bir yap\u0131s\u0131 ile s\u00f6k\u00fcld\u00fc\u011f\u00fcnde kullan\u0131lamaz duruma gelir.<\/li>\n<\/ul>","protected":false},"featured_media":11640,"template":"","meta":{"om_disable_all_campaigns":false},"product_brand":[],"product_cat":[21],"product_tag":[],"class_list":{"0":"post-11610","1":"product","2":"type-product","3":"status-publish","4":"has-post-thumbnail","6":"product_cat-istasyon-adblue-otomasyonu","8":"first","9":"instock","10":"shipping-taxable","11":"product-type-simple"},"aioseo_notices":[],"_links":{"self":[{"href":"https:\/\/turpak.com.tr\/en\/wp-json\/wp\/v2\/product\/11610","targetHints":{"allow":["GET"]}}],"collection":[{"href":"https:\/\/turpak.com.tr\/en\/wp-json\/wp\/v2\/product"}],"about":[{"href":"https:\/\/turpak.com.tr\/en\/wp-json\/wp\/v2\/types\/product"}],"wp:featuredmedia":[{"embeddable":true,"href":"https:\/\/turpak.com.tr\/en\/wp-json\/wp\/v2\/media\/11640"}],"wp:attachment":[{"href":"https:\/\/turpak.com.tr\/en\/wp-json\/wp\/v2\/media?parent=11610"}],"wp:term":[{"taxonomy":"product_brand","embeddable":true,"href":"https:\/\/turpak.com.tr\/en\/wp-json\/wp\/v2\/product_brand?post=11610"},{"taxonomy":"product_cat","embeddable":true,"href":"https:\/\/turpak.com.tr\/en\/wp-json\/wp\/v2\/product_cat?post=11610"},{"taxonomy":"product_tag","embeddable":true,"href":"https:\/\/turpak.com.tr\/en\/wp-json\/wp\/v2\/product_tag?post=11610"}],"curies":[{"name":"wp","href":"https:\/\/api.w.org\/{rel}","templated":true}]}}